
{"id":6446,"date":"2017-12-13T14:11:14","date_gmt":"2017-12-13T14:11:14","guid":{"rendered":"https:\/\/liquidcapitalcorp.com\/?page_id=6446"},"modified":"2019-07-08T17:29:53","modified_gmt":"2019-07-08T17:29:53","slug":"affacturage-a-linternational","status":"publish","type":"page","link":"https:\/\/liquidcapitalcorp.com\/fr\/solutions-de-financement\/affacturage-a-linternational\/","title":{"rendered":"Affacturage \u00e0 l\u2019international"},"content":{"rendered":"\n<style type=\"text\/css\" data-created_by=\"avia_inline_auto\" id=\"style-css-av-av_section-d05e22bf1f1059e405e68d62dc0b095f\">\n.avia-section.av-av_section-d05e22bf1f1059e405e68d62dc0b095f{\nbackground-color:#f2f2f2;\nbackground-image:url(https:\/\/liquidcapitalcorp.com\/wp-content\/uploads\/2016\/07\/factoring-solutions-ar-factoring.jpg);\nbackground-repeat:no-repeat;\nbackground-position:50% 0%;\nbackground-attachment:scroll;\n}\n<\/style>\n<div id='sn-title'  class='avia-section av-av_section-d05e22bf1f1059e405e68d62dc0b095f main_color avia-section-no-padding avia-no-border-styling  avia-builder-el-0  el_before_av_two_third  avia-builder-el-first  avia-full-stretch avia-bg-style-scroll av-minimum-height av-minimum-height-custom av-height-custom  container_wrap fullsize'  data-section-bg-repeat='stretch' data-av_minimum_height_px='340'><div class='container av-section-cont-open' style='height:340px'><main  role=\"main\" itemprop=\"mainContentOfPage\"  class='template-page content  av-content-full alpha units'><div class='post-entry post-entry-type-page post-entry-6446'><div class='entry-content-wrapper clearfix'>\n\n<style type=\"text\/css\" data-created_by=\"avia_inline_auto\" id=\"style-css-av-av_one_full-9497bbf8bff73ea4c6992cc17fa9ec36\">\n.flex_column.av-av_one_full-9497bbf8bff73ea4c6992cc17fa9ec36{\nborder-radius:0px 0px 0px 0px;\npadding:0px 0px 0px 0px;\n}\n<\/style>\n<div  class='flex_column av-av_one_full-9497bbf8bff73ea4c6992cc17fa9ec36 av_one_full  avia-builder-el-1  avia-builder-el-no-sibling  first flex_column_div av-zero-column-padding  '     ><style type=\"text\/css\" data-created_by=\"avia_inline_auto\" id=\"style-css-av-av_textblock-2c4666f3ab4f7ce91aecfa132518884d\">\n#top .av_textblock_section.av-av_textblock-2c4666f3ab4f7ce91aecfa132518884d .avia_textblock{\nfont-size:40px;\n}\n<\/style>\n<section  class='av_textblock_section av-av_textblock-2c4666f3ab4f7ce91aecfa132518884d '   itemscope=\"itemscope\" itemtype=\"https:\/\/schema.org\/CreativeWork\" ><div class='avia_textblock'  itemprop=\"text\" ><h1 style=\"text-align: center;\">Affacturage \u00e0 l\u2019international<\/h1>\n<h1 style=\"text-align: center;\"><\/h1>\n<\/div><\/section><\/div><\/div><\/div><\/main><!-- close content main element --><\/div><\/div><div id='after_section_1'  class='main_color av_default_container_wrap container_wrap fullsize'  ><div class='container av-section-cont-open' ><div class='template-page content  av-content-full alpha units'><div class='post-entry post-entry-type-page post-entry-6446'><div class='entry-content-wrapper clearfix'>\n<style type=\"text\/css\" data-created_by=\"avia_inline_auto\" id=\"style-css-av-av_two_third-9497bbf8bff73ea4c6992cc17fa9ec36\">\n.flex_column.av-av_two_third-9497bbf8bff73ea4c6992cc17fa9ec36{\nborder-radius:0px 0px 0px 0px;\npadding:0px 0px 0px 0px;\n}\n<\/style>\n<div  class='flex_column av-av_two_third-9497bbf8bff73ea4c6992cc17fa9ec36 av_two_third  avia-builder-el-3  el_after_av_section  el_before_av_one_third  avia-builder-el-first  first flex_column_div av-zero-column-padding  '     ><section  class='av_textblock_section av-av_textblock-0366cc7376be6c9e82a3e9cc8987b64f '   itemscope=\"itemscope\" itemtype=\"https:\/\/schema.org\/CreativeWork\" ><div class='avia_textblock'  itemprop=\"text\" ><p>Ce type de financement permet aux propri\u00e9taires d\u2019entreprises d\u2019offrir des termes de cr\u00e9dit plus flexibles aux acheteurs \u00e9trangers, pour lesquels ils ne seraient normalement pas aptes ou \u00e0 l\u2019aise de vendre sans d\u00e9p\u00f4t de garantie.<\/p>\n<p>L\u2019affacturage de Liquid Capital vous facilite la vie par la n\u00e9gociation et la gestion internationale de l\u2019entreprise. Parce que nous finan\u00e7ons la facture au premier plan et en prenons le risque, les propri\u00e9taires d\u2019entreprises peuvent dor\u00e9navant augmenter leurs ventes \u00e0 l\u2019\u00e9tranger tout en augmentant leur cash flow. L\u2019affacturage \u00e0 l\u2019international permet d\u2019augmenter radicalement votre r\u00e9seau de fournisseurs potentiels \u00e0 chaque coin de la plan\u00e8te, augmentant ainsi le nombre d\u2019opportunit\u00e9s vous \u00e9tant disponibles et faisant ainsi para\u00eetre votre entreprise beaucoup plus attirante.<\/p>\n<p>Les produits \u00e0 recevoir (cr\u00e9ances) \u00e9trangers sont g\u00e9n\u00e9ralement des actifs mal desservis. Les banques locales ou les pr\u00eateurs consid\u00e8rent g\u00e9n\u00e9ralement les cr\u00e9ances \u00e9trang\u00e8res comme risqu\u00e9es et ne se sentent pas \u00e0 l\u2019aise d\u2019offrir du capital pour ce genre de cr\u00e9ances. Nous pr\u00eatons pour ce type de cr\u00e9ances, permettant ainsi au propri\u00e9taire de l\u2019entreprise d\u2019avoir plus de fonds pour faire cro\u00eetre l&rsquo;entreprise et payer les d\u00e9penses.<\/p>\n<p>\u00c9tant nous m\u00eame des propri\u00e9taires d\u2019entreprises et op\u00e9rateurs, nous comprenons que la vente aux clients \u00e9trangers est une importante opportunit\u00e9, mais qu\u2019elle qu\u2019elle est difficile \u00e0 g\u00e9rer financi\u00e8rement. Parfois vos clients \u00e9trangers prennent trop de temps pour payer, ne veulent plus payer, ou ne peuvent payer des d\u00e9p\u00f4ts \u00e0 l\u2019avance et demandent maintenant des termes de paiement flexibles. De plus, votre banque pourrait vous demander une garantie sur cr\u00e9dit avec surprime ou, encore, vos ventes \u00e0 l\u2019\u00e9tranger prennent de l\u2019expansion, mais la perspective de pertes s\u00e8ches est trop d\u00e9courageante. Peu importe votre situation ou le type d\u2019entreprise, ici \u00e0 Liquid Capital, nous avons l\u2019exp\u00e9rience et les ressources pour vous venir en aide avec votre financement import\/export et votre besoin d\u2019affacturage.<\/p>\n<h2><strong>L\u2019avantage de l\u2019affacturage \u00e0 l\u2019international de Liquid Capital<\/strong><\/h2>\n<ul>\n<li>Permet d\u2019augmenter les ventes de votre r\u00e9seau international.<\/li>\n<li>Permet de faire affaire sans d\u00e9p\u00f4t pr\u00e9alable \u2013 parce que Liquid Capital avance les fonds d\u2019affacturage \u00e0 l\u2019international et absorbe le risque.<\/li>\n<li>Liquid Capital vous aide \u00e0 aller l\u00e0 o\u00f9, souvent, les pr\u00eateurs et banques locales ne vont pas, parce qu\u2019ils ne se sentent pas \u00e0 l\u2019aise face aux produits \u00e0 recevoir (cr\u00e9ances).<\/li>\n<li>Contrairement aux banques et aux grand pr\u00eateurs, Liquid Capital ne requiert pas que vous soyez pr\u00e9muni d\u2019une garantie de cr\u00e9dit avec surprime.<\/li>\n<\/ul>\n<h3>Si vos d\u00e9biteurs sont solides, mais que vous ne r\u00e9pondez pas \u00e0 l\u2019ensemble des exigences d\u2019un pr\u00eat bancaire standard, <strong>l\u2019affacturage\u00a0<\/strong>peut \u00eatre la solution de financement dont vous avez besoin.<\/h3>\n<\/div><\/section><\/div>\n<style type=\"text\/css\" data-created_by=\"avia_inline_auto\" id=\"style-css-av-av_one_third-9c1d454dc06f7247226bc4e8f931daae\">\n.flex_column.av-av_one_third-9c1d454dc06f7247226bc4e8f931daae{\nborder-radius:0px 0px 0px 0px;\npadding:0px 0px 0px 0px;\n}\n<\/style>\n<div  class='flex_column av-av_one_third-9c1d454dc06f7247226bc4e8f931daae av_one_third  avia-builder-el-5  el_after_av_two_third  avia-builder-el-last  flex_column_div av-zero-column-padding  '     ><div  class='avia-builder-widget-area clearfix  avia-builder-el-6  avia-builder-el-no-sibling '><div id=\"text-3\" class=\"widget clearfix widget_text\">\t\t\t<div class=\"textwidget\"><div  class='avia-builder-widget-area clearfix '><section id=\"custom_html-6\" class=\"widget_text widget clearfix widget_custom_html\"><div class=\"textwidget custom-html-widget\">\n\t\t<div id=\"custom_html-5\" class=\"widget_text widget clearfix widget_custom_html\"><div class=\"textwidget custom-html-widget\">\t<p style=\"color:#f37121; font-size: 42px; line-height: 42px; font-weight: bold; margin-top: -10px;\">Always ready<br>to help.<\/p>\r\n<p style=\"font-size: 24px; line-height:24px;\"><strong>Liquid Capital is North America's leading alternative business funding provider.<\/strong><\/p>\r\n<p style=\"font-size: 24px; line-height:24px\"><strong>Get personalized strategic guidance, and up to $10 Million in fast funding.<\/strong><\/p>\r\n\t\t\t<div style=\"margin-top: 20px; margin-bottom: 30px;\">\r\n\t\t\t<a href=\"https:\/\/liquidcapitalcorp.com\/principal-finder\/\"><img loading=\"lazy\" decoding=\"async\" class=\"alignnone size-full wp-image-20758\" src=\"https:\/\/liquidcapitalcorp.com\/wp-content\/uploads\/2024\/02\/button1.jpg\" alt=\"\" width=\"173\" height=\"54\" \/><\/a>\r\n<\/div>\r\n\r\n<div syle=\"margin-top: 80px\">\r\n\t<p>Who's near me?<br> <a href=\"\/principal-finder\">Search for a local Liquid Capital Principal &#8594;<\/a><\/p>\r\n<\/div><\/div><\/div>\n\t<\/div><span class=\"seperator extralight-border\"><\/span><\/section><\/div><\/div>\n\t\t<\/div><\/div><\/div><\/p>\n","protected":false},"excerpt":{"rendered":"","protected":false},"author":2,"featured_media":0,"parent":523,"menu_order":0,"comment_status":"closed","ping_status":"closed","template":"","meta":{"footnotes":""},"class_list":["post-6446","page","type-page","status-publish","hentry"],"yoast_head":"<!-- This site is optimized with the Yoast SEO plugin v27.5 - https:\/\/yoast.com\/product\/yoast-seo-wordpress\/ -->\n<title>Affacturage \u00e0 l\u2019international - Liquid Capital<\/title>\n<meta name=\"description\" content=\"Liquid Capital propose des services d\u2019affacturage pour aider les entreprises \u00e0 couvrir leurs d\u00e9penses d\u2019exploitation en achetant leurs factures B2B solvables.\" \/>\n<meta name=\"robots\" content=\"index, follow, max-snippet:-1, max-image-preview:large, max-video-preview:-1\" \/>\n<link rel=\"canonical\" href=\"https:\/\/liquidcapitalcorp.com\/fr\/solutions-de-financement\/affacturage-a-linternational\/\" \/>\n<meta property=\"og:locale\" content=\"fr_FR\" \/>\n<meta property=\"og:type\" content=\"article\" \/>\n<meta property=\"og:title\" content=\"Affacturage \u00e0 l\u2019international - Liquid Capital\" \/>\n<meta property=\"og:description\" content=\"Liquid Capital propose des services d\u2019affacturage pour aider les entreprises \u00e0 couvrir leurs d\u00e9penses d\u2019exploitation en achetant leurs factures B2B solvables.\" \/>\n<meta property=\"og:url\" content=\"https:\/\/liquidcapitalcorp.com\/fr\/solutions-de-financement\/affacturage-a-linternational\/\" \/>\n<meta property=\"og:site_name\" content=\"Liquid Capital\" \/>\n<meta property=\"article:publisher\" content=\"https:\/\/www.facebook.com\/liquid.capital\" \/>\n<meta property=\"article:modified_time\" content=\"2019-07-08T17:29:53+00:00\" \/>\n<meta name=\"twitter:card\" content=\"summary_large_image\" \/>\n<meta name=\"twitter:site\" content=\"@Liquid_Capital\" \/>\n<meta name=\"twitter:label1\" content=\"Dur\u00e9e de lecture estim\u00e9e\" \/>\n\t<meta name=\"twitter:data1\" content=\"4 minutes\" \/>\n<script type=\"application\/ld+json\" class=\"yoast-schema-graph\">{\"@context\":\"https:\\\/\\\/schema.org\",\"@graph\":[{\"@type\":\"WebPage\",\"@id\":\"https:\\\/\\\/liquidcapitalcorp.com\\\/fr\\\/solutions-de-financement\\\/affacturage-a-linternational\\\/\",\"url\":\"https:\\\/\\\/liquidcapitalcorp.com\\\/fr\\\/solutions-de-financement\\\/affacturage-a-linternational\\\/\",\"name\":\"Affacturage \u00e0 l\u2019international - Liquid Capital\",\"isPartOf\":{\"@id\":\"https:\\\/\\\/liquidcapitalcorp.com\\\/#website\"},\"datePublished\":\"2017-12-13T14:11:14+00:00\",\"dateModified\":\"2019-07-08T17:29:53+00:00\",\"description\":\"Liquid Capital propose des services d\u2019affacturage pour aider les entreprises \u00e0 couvrir leurs d\u00e9penses d\u2019exploitation en achetant leurs factures B2B solvables.\",\"breadcrumb\":{\"@id\":\"https:\\\/\\\/liquidcapitalcorp.com\\\/fr\\\/solutions-de-financement\\\/affacturage-a-linternational\\\/#breadcrumb\"},\"inLanguage\":\"fr-FR\",\"potentialAction\":[{\"@type\":\"ReadAction\",\"target\":[\"https:\\\/\\\/liquidcapitalcorp.com\\\/fr\\\/solutions-de-financement\\\/affacturage-a-linternational\\\/\"]}]},{\"@type\":\"BreadcrumbList\",\"@id\":\"https:\\\/\\\/liquidcapitalcorp.com\\\/fr\\\/solutions-de-financement\\\/affacturage-a-linternational\\\/#breadcrumb\",\"itemListElement\":[{\"@type\":\"ListItem\",\"position\":1,\"name\":\"Home\",\"item\":\"https:\\\/\\\/liquidcapitalcorp.com\\\/fr\\\/homefrench\\\/\"},{\"@type\":\"ListItem\",\"position\":2,\"name\":\"Solutions de financement\",\"item\":\"https:\\\/\\\/liquidcapitalcorp.com\\\/fr\\\/solutions-de-financement\\\/\"},{\"@type\":\"ListItem\",\"position\":3,\"name\":\"Affacturage \u00e0 l\u2019international\"}]},{\"@type\":\"WebSite\",\"@id\":\"https:\\\/\\\/liquidcapitalcorp.com\\\/#website\",\"url\":\"https:\\\/\\\/liquidcapitalcorp.com\\\/\",\"name\":\"Liquid Capital\",\"description\":\"Become a Franchise Principal\",\"publisher\":{\"@id\":\"https:\\\/\\\/liquidcapitalcorp.com\\\/#organization\"},\"potentialAction\":[{\"@type\":\"SearchAction\",\"target\":{\"@type\":\"EntryPoint\",\"urlTemplate\":\"https:\\\/\\\/liquidcapitalcorp.com\\\/?s={search_term_string}\"},\"query-input\":{\"@type\":\"PropertyValueSpecification\",\"valueRequired\":true,\"valueName\":\"search_term_string\"}}],\"inLanguage\":\"fr-FR\"},{\"@type\":\"Organization\",\"@id\":\"https:\\\/\\\/liquidcapitalcorp.com\\\/#organization\",\"name\":\"Liquid Capital\",\"url\":\"https:\\\/\\\/liquidcapitalcorp.com\\\/\",\"logo\":{\"@type\":\"ImageObject\",\"inLanguage\":\"fr-FR\",\"@id\":\"https:\\\/\\\/liquidcapitalcorp.com\\\/#\\\/schema\\\/logo\\\/image\\\/\",\"url\":\"https:\\\/\\\/liquidcapitalcorp.com\\\/wp-content\\\/uploads\\\/2016\\\/01\\\/logo-Liquid-capital.jpg\",\"contentUrl\":\"https:\\\/\\\/liquidcapitalcorp.com\\\/wp-content\\\/uploads\\\/2016\\\/01\\\/logo-Liquid-capital.jpg\",\"width\":202,\"height\":80,\"caption\":\"Liquid Capital\"},\"image\":{\"@id\":\"https:\\\/\\\/liquidcapitalcorp.com\\\/#\\\/schema\\\/logo\\\/image\\\/\"},\"sameAs\":[\"https:\\\/\\\/www.facebook.com\\\/liquid.capital\",\"https:\\\/\\\/x.com\\\/Liquid_Capital\",\"https:\\\/\\\/www.linkedin.com\\\/company-beta\\\/16600\\\/\"]}]}<\/script>\n<!-- \/ Yoast SEO plugin. -->","yoast_head_json":{"title":"Affacturage \u00e0 l\u2019international - Liquid Capital","description":"Liquid Capital propose des services d\u2019affacturage pour aider les entreprises \u00e0 couvrir leurs d\u00e9penses d\u2019exploitation en achetant leurs factures B2B solvables.","robots":{"index":"index","follow":"follow","max-snippet":"max-snippet:-1","max-image-preview":"max-image-preview:large","max-video-preview":"max-video-preview:-1"},"canonical":"https:\/\/liquidcapitalcorp.com\/fr\/solutions-de-financement\/affacturage-a-linternational\/","og_locale":"fr_FR","og_type":"article","og_title":"Affacturage \u00e0 l\u2019international - Liquid Capital","og_description":"Liquid Capital propose des services d\u2019affacturage pour aider les entreprises \u00e0 couvrir leurs d\u00e9penses d\u2019exploitation en achetant leurs factures B2B solvables.","og_url":"https:\/\/liquidcapitalcorp.com\/fr\/solutions-de-financement\/affacturage-a-linternational\/","og_site_name":"Liquid Capital","article_publisher":"https:\/\/www.facebook.com\/liquid.capital","article_modified_time":"2019-07-08T17:29:53+00:00","twitter_card":"summary_large_image","twitter_site":"@Liquid_Capital","twitter_misc":{"Dur\u00e9e de lecture estim\u00e9e":"4 minutes"},"schema":{"@context":"https:\/\/schema.org","@graph":[{"@type":"WebPage","@id":"https:\/\/liquidcapitalcorp.com\/fr\/solutions-de-financement\/affacturage-a-linternational\/","url":"https:\/\/liquidcapitalcorp.com\/fr\/solutions-de-financement\/affacturage-a-linternational\/","name":"Affacturage \u00e0 l\u2019international - Liquid Capital","isPartOf":{"@id":"https:\/\/liquidcapitalcorp.com\/#website"},"datePublished":"2017-12-13T14:11:14+00:00","dateModified":"2019-07-08T17:29:53+00:00","description":"Liquid Capital propose des services d\u2019affacturage pour aider les entreprises \u00e0 couvrir leurs d\u00e9penses d\u2019exploitation en achetant leurs factures B2B solvables.","breadcrumb":{"@id":"https:\/\/liquidcapitalcorp.com\/fr\/solutions-de-financement\/affacturage-a-linternational\/#breadcrumb"},"inLanguage":"fr-FR","potentialAction":[{"@type":"ReadAction","target":["https:\/\/liquidcapitalcorp.com\/fr\/solutions-de-financement\/affacturage-a-linternational\/"]}]},{"@type":"BreadcrumbList","@id":"https:\/\/liquidcapitalcorp.com\/fr\/solutions-de-financement\/affacturage-a-linternational\/#breadcrumb","itemListElement":[{"@type":"ListItem","position":1,"name":"Home","item":"https:\/\/liquidcapitalcorp.com\/fr\/homefrench\/"},{"@type":"ListItem","position":2,"name":"Solutions de financement","item":"https:\/\/liquidcapitalcorp.com\/fr\/solutions-de-financement\/"},{"@type":"ListItem","position":3,"name":"Affacturage \u00e0 l\u2019international"}]},{"@type":"WebSite","@id":"https:\/\/liquidcapitalcorp.com\/#website","url":"https:\/\/liquidcapitalcorp.com\/","name":"Liquid Capital","description":"Become a Franchise Principal","publisher":{"@id":"https:\/\/liquidcapitalcorp.com\/#organization"},"potentialAction":[{"@type":"SearchAction","target":{"@type":"EntryPoint","urlTemplate":"https:\/\/liquidcapitalcorp.com\/?s={search_term_string}"},"query-input":{"@type":"PropertyValueSpecification","valueRequired":true,"valueName":"search_term_string"}}],"inLanguage":"fr-FR"},{"@type":"Organization","@id":"https:\/\/liquidcapitalcorp.com\/#organization","name":"Liquid Capital","url":"https:\/\/liquidcapitalcorp.com\/","logo":{"@type":"ImageObject","inLanguage":"fr-FR","@id":"https:\/\/liquidcapitalcorp.com\/#\/schema\/logo\/image\/","url":"https:\/\/liquidcapitalcorp.com\/wp-content\/uploads\/2016\/01\/logo-Liquid-capital.jpg","contentUrl":"https:\/\/liquidcapitalcorp.com\/wp-content\/uploads\/2016\/01\/logo-Liquid-capital.jpg","width":202,"height":80,"caption":"Liquid Capital"},"image":{"@id":"https:\/\/liquidcapitalcorp.com\/#\/schema\/logo\/image\/"},"sameAs":["https:\/\/www.facebook.com\/liquid.capital","https:\/\/x.com\/Liquid_Capital","https:\/\/www.linkedin.com\/company-beta\/16600\/"]}]}},"_links":{"self":[{"href":"https:\/\/liquidcapitalcorp.com\/fr\/wp-json\/wp\/v2\/pages\/6446","targetHints":{"allow":["GET"]}}],"collection":[{"href":"https:\/\/liquidcapitalcorp.com\/fr\/wp-json\/wp\/v2\/pages"}],"about":[{"href":"https:\/\/liquidcapitalcorp.com\/fr\/wp-json\/wp\/v2\/types\/page"}],"author":[{"embeddable":true,"href":"https:\/\/liquidcapitalcorp.com\/fr\/wp-json\/wp\/v2\/users\/2"}],"replies":[{"embeddable":true,"href":"https:\/\/liquidcapitalcorp.com\/fr\/wp-json\/wp\/v2\/comments?post=6446"}],"version-history":[{"count":0,"href":"https:\/\/liquidcapitalcorp.com\/fr\/wp-json\/wp\/v2\/pages\/6446\/revisions"}],"up":[{"embeddable":true,"href":"https:\/\/liquidcapitalcorp.com\/fr\/wp-json\/wp\/v2\/pages\/523"}],"wp:attachment":[{"href":"https:\/\/liquidcapitalcorp.com\/fr\/wp-json\/wp\/v2\/media?parent=6446"}],"curies":[{"name":"wp","href":"https:\/\/api.w.org\/{rel}","templated":true}]}}