
{"id":550,"date":"2016-07-14T11:49:56","date_gmt":"2016-07-14T11:49:56","guid":{"rendered":"http:\/\/liquidcapitalcorp.com\/fr\/short-term-financing\/purchase-financing\/"},"modified":"2019-07-09T16:33:18","modified_gmt":"2019-07-09T16:33:18","slug":"purchase-financing","status":"publish","type":"page","link":"https:\/\/liquidcapitalcorp.com\/fr\/solutions-de-financement\/purchase-financing\/","title":{"rendered":"Financement D\u2019achats"},"content":{"rendered":"\n<style type=\"text\/css\" data-created_by=\"avia_inline_auto\" id=\"style-css-av-av_section-14694041d41a3672f08f22d94ea6e4ce\">\n.avia-section.av-av_section-14694041d41a3672f08f22d94ea6e4ce{\nbackground-color:#f2f2f2;\nbackground-image:url(https:\/\/liquidcapitalcorp.com\/wp-content\/uploads\/2016\/07\/factoring-solutions-purchase-financing.jpg);\nbackground-repeat:no-repeat;\nbackground-position:50% 0%;\nbackground-attachment:scroll;\n}\n<\/style>\n<div id='sn-title'  class='avia-section av-av_section-14694041d41a3672f08f22d94ea6e4ce main_color avia-section-no-padding avia-no-border-styling  avia-builder-el-0  el_before_av_two_third  avia-builder-el-first  avia-full-stretch avia-bg-style-scroll av-minimum-height av-minimum-height-custom av-height-custom  container_wrap fullsize'  data-section-bg-repeat='stretch' data-av_minimum_height_px='340'><div class='container av-section-cont-open' style='height:340px'><main  role=\"main\" itemprop=\"mainContentOfPage\"  class='template-page content  av-content-full alpha units'><div class='post-entry post-entry-type-page post-entry-550'><div class='entry-content-wrapper clearfix'>\n\n<style type=\"text\/css\" data-created_by=\"avia_inline_auto\" id=\"style-css-av-av_one_full-9497bbf8bff73ea4c6992cc17fa9ec36\">\n.flex_column.av-av_one_full-9497bbf8bff73ea4c6992cc17fa9ec36{\nborder-radius:0px 0px 0px 0px;\npadding:0px 0px 0px 0px;\n}\n<\/style>\n<div  class='flex_column av-av_one_full-9497bbf8bff73ea4c6992cc17fa9ec36 av_one_full  avia-builder-el-1  avia-builder-el-no-sibling  first flex_column_div av-zero-column-padding  '     ><style type=\"text\/css\" data-created_by=\"avia_inline_auto\" id=\"style-css-av-av_textblock-2c4666f3ab4f7ce91aecfa132518884d\">\n#top .av_textblock_section.av-av_textblock-2c4666f3ab4f7ce91aecfa132518884d .avia_textblock{\nfont-size:40px;\n}\n<\/style>\n<section  class='av_textblock_section av-av_textblock-2c4666f3ab4f7ce91aecfa132518884d '   itemscope=\"itemscope\" itemtype=\"https:\/\/schema.org\/CreativeWork\" ><div class='avia_textblock'  itemprop=\"text\" ><h1 style=\"text-align: center;\">Programme De Financement D\u2019achats De Liquid Capital<\/h1>\n<h1 style=\"text-align: center;\"><\/h1>\n<\/div><\/section><\/div>\n<\/div><\/div><\/main><!-- close content main element --><\/div><\/div><div id='after_section_1'  class='main_color av_default_container_wrap container_wrap fullsize'  ><div class='container av-section-cont-open' ><div class='template-page content  av-content-full alpha units'><div class='post-entry post-entry-type-page post-entry-550'><div class='entry-content-wrapper clearfix'>\n\n<style type=\"text\/css\" data-created_by=\"avia_inline_auto\" id=\"style-css-av-av_two_third-9497bbf8bff73ea4c6992cc17fa9ec36\">\n.flex_column.av-av_two_third-9497bbf8bff73ea4c6992cc17fa9ec36{\nborder-radius:0px 0px 0px 0px;\npadding:0px 0px 0px 0px;\n}\n<\/style>\n<div  class='flex_column av-av_two_third-9497bbf8bff73ea4c6992cc17fa9ec36 av_two_third  avia-builder-el-3  el_after_av_section  el_before_av_one_third  avia-builder-el-first  first flex_column_div av-zero-column-padding  '     ><section  class='av_textblock_section av-av_textblock-0366cc7376be6c9e82a3e9cc8987b64f '   itemscope=\"itemscope\" itemtype=\"https:\/\/schema.org\/CreativeWork\" ><div class='avia_textblock'  itemprop=\"text\" ><div class=\"content\">\n<article class=\"page\">\n<h2>Une cote de cr\u00e9dit solide = une solution de financement souple<\/h2>\n<p>Le programme de financement d\u2019achats de Liquid Capital est une mani\u00e8re flexible, rapide et simple pour une entreprise en croissance de financer un achat ponctuel. Les entreprises ont g\u00e9n\u00e9ralement recours au financement d\u2019achats quand elles rel\u00e8vent une opportunit\u00e9 de croissance dans l\u2019imm\u00e9diat ou pour profiter d\u2019une acquisition en vrac de marchandises, par l\u2019interm\u00e9diaire de leur r\u00e9seau de fournisseurs, dans un contexte o\u00f9 il faut agir vite. Ceci leur \u00e9vite de monopoliser leur fonds de roulement pour financer le co\u00fbt du paiement. Il s\u2019agit de la seule option de financement \u00e0 court terme de Liquid Capital qui se fonde uniquement sur la situation de cr\u00e9dit de votre entreprise.<\/p>\n<h3><strong>Si votre cr\u00e9dit est bon, vous \u00eates admissible<\/strong><\/h3>\n<p>Si votre cr\u00e9dit commercial est bon, nos souscripteurs approuveront tr\u00e8s probablement votre demande de participation au programme de financement d\u2019achats. Nous pourrons ainsi financer vos biens en transit, <em>peu importe o\u00f9 votre fournisseur se trouve ou si les biens en question sont destin\u00e9s \u00e0 la revente, \u00e0 grossir vos stocks ou \u00e0 la consommation<\/em>. Nous produirons une lettre de cr\u00e9dit \u00e0 l\u2019intention de votre fournisseur si n\u00e9cessaire. Vous recevez ensuite vos biens, et la transaction devient d\u00e9finitive une fois que vous payez la facture du programme, selon les termes n\u00e9goci\u00e9s dans l\u2019accord.<\/p>\n<h5><img loading=\"lazy\" decoding=\"async\" class=\"alignnone wp-image-4779 size-full\" src=\"http:\/\/liquidcapitalcorp.com\/wp-content\/uploads\/2016\/07\/pfp-french.png\" width=\"978\" height=\"410\" srcset=\"https:\/\/liquidcapitalcorp.com\/wp-content\/uploads\/2016\/07\/pfp-french.png 978w, https:\/\/liquidcapitalcorp.com\/wp-content\/uploads\/2016\/07\/pfp-french-300x126.png 300w, https:\/\/liquidcapitalcorp.com\/wp-content\/uploads\/2016\/07\/pfp-french-768x322.png 768w, https:\/\/liquidcapitalcorp.com\/wp-content\/uploads\/2016\/07\/pfp-french-705x296.png 705w, https:\/\/liquidcapitalcorp.com\/wp-content\/uploads\/2016\/07\/pfp-french-450x189.png 450w\" sizes=\"auto, (max-width: 978px) 100vw, 978px\" \/><\/h5>\n<h5>En aidant les entreprises \u00e0 tirer profit des opportunit\u00e9s de croissance sans que cela n\u2019affecte leurs engagements existants, le programme de financement d\u2019achats est devenu une solution tr\u00e8s populaire aupr\u00e8s des entreprises ayant des besoins ponctuels aigus, mais jouissant d\u2019une situation de cr\u00e9dit satisfaisante.<\/h5>\n<p><strong>La diff\u00e9rence Liquid Capital<\/strong><\/p>\n<ul>\n<li><strong>Notre service de tout premier ordre est assur\u00e9 par un r\u00e9seau de distribution local.<\/strong>Nous mettons \u00e0 votre port\u00e9e le plus grand r\u00e9seau de professionnels du financement de rechange \u00e0 travers l\u2019Am\u00e9rique du Nord, de sorte que vous traitez avec des d\u00e9cideurs locaux qui comprennent votre march\u00e9, votre entreprise et vos besoins.<\/li>\n<\/ul>\n<ul>\n<li><strong>Assurez-vous que vos probl\u00e8mes de financement ne limiteront pas votre strat\u00e9gie et vos opportunit\u00e9s. <\/strong>Obtenez les biens dont vous avez besoin, m\u00eame si vous ne disposez pas du capital en main pour financer les paiements aupr\u00e8s des fournisseurs ou le co\u00fbt des marchandises en transit.<\/li>\n<\/ul>\n<ul>\n<li><strong>Profitez d\u2019une solution de financement efficace, transparente et adapt\u00e9e \u00e0 vos besoins. <\/strong>Il n\u2019y a pas de contrats rigides, ni de co\u00fbts ou de conditions cach\u00e9s par rapport au stockage ou \u00e0 la livraison. Nous vous proposons plut\u00f4t une solution de financement simple et rapide, qui n\u2019aura aucun impact sur vos engagements existants.<\/li>\n<\/ul>\n<ul>\n<li><strong>B\u00e9n\u00e9ficiez d\u2019une transparence totale de l\u2019information, ainsi que d\u2019un acc\u00e8s 24\/7 \u00e0 du soutien en ligne. <\/strong>Vous jouissez toujours d\u2019une vue compl\u00e8te sur l\u2019\u00e9tat de vos affaires avec nous gr\u00e2ce aux images des factures, \u00e0 la documentation de soutien, aux avis de recouvrement et aux d\u00e9tails des paiements.<\/li>\n<\/ul>\n<ul>\n<li><strong>Votre financement repose uniquement sur votre solvabilit\u00e9. <\/strong>Le programme de financement d\u2019achats vous permet de profiter de votre situation de cr\u00e9dit solide pour tirer parti des occasions, \u00e0 mesure qu\u2019elles s\u2019offrent \u00e0 vous.<\/li>\n<\/ul>\n<h5>La solution de financement d\u2019achats de Liquid Capital vous aide \u00e0 profiter imm\u00e9diatement des occasions qui se pr\u00e9sentent \u00e0 vous pour faire cro\u00eetre votre entreprise, sans monopoliser votre fonds de roulement.<\/h5>\n<p>Pour d\u00e9terminer si notre Solution de financement d\u2019achats r\u00e9pond aux besoins de votre entreprise, appelez\u00a0Liquid Capital\u2122<br \/>\nCanadian Head Office au 1-844-228-0800 et parlez avec l\u2019un de nos sp\u00e9cialistes des Solutions financi\u00e8res. Vous pouvez \u00e9galement <a href=\"http:\/\/liquidcapitalcorp.com\/ca\/fr\/contact-us\/\">nous joindre <\/a>en ligne ou simplement compl\u00e9ter un <a href=\"http:\/\/liquidcapitalcorp.com\/ca\/fr\/apply.html\">formulaire de demande<\/a> maintenant et voir si votre entreprise se qualifie pour le financement d\u2019achats.<\/p>\n<\/div><\/section><\/div>\n\n<style type=\"text\/css\" data-created_by=\"avia_inline_auto\" id=\"style-css-av-av_one_third-0aa7055fe62c3622faec82866afbaeb2\">\n.flex_column.av-av_one_third-0aa7055fe62c3622faec82866afbaeb2{\nborder-radius:0px 0px 0px 0px;\npadding:0px 0px 0px 0px;\n}\n<\/style>\n<div  class='flex_column av-av_one_third-0aa7055fe62c3622faec82866afbaeb2 av_one_third  avia-builder-el-5  el_after_av_two_third  avia-builder-el-last  flex_column_div av-zero-column-padding  '     ><div  class='avia-builder-widget-area clearfix  avia-builder-el-6  avia-builder-el-no-sibling '><div id=\"text-3\" class=\"widget clearfix widget_text\">\t\t\t<div class=\"textwidget\"><div  class='avia-builder-widget-area clearfix '><section id=\"custom_html-6\" class=\"widget_text widget clearfix widget_custom_html\"><div class=\"textwidget custom-html-widget\">\n\t\t<div id=\"custom_html-5\" class=\"widget_text widget clearfix widget_custom_html\"><div class=\"textwidget custom-html-widget\">\t<p style=\"color:#f37121; font-size: 42px; line-height: 42px; font-weight: bold; margin-top: -10px;\">Always ready<br>to help.<\/p>\r\n<p style=\"font-size: 24px; line-height:24px;\"><strong>Liquid Capital is North America's leading alternative business funding provider.<\/strong><\/p>\r\n<p style=\"font-size: 24px; line-height:24px\"><strong>Get personalized strategic guidance, and up to $10 Million in fast funding.<\/strong><\/p>\r\n\t\t\t<div style=\"margin-top: 20px; margin-bottom: 30px;\">\r\n\t\t\t<a href=\"https:\/\/liquidcapitalcorp.com\/principal-finder\/\"><img loading=\"lazy\" decoding=\"async\" class=\"alignnone size-full wp-image-20758\" src=\"https:\/\/liquidcapitalcorp.com\/wp-content\/uploads\/2024\/02\/button1.jpg\" alt=\"\" width=\"173\" height=\"54\" \/><\/a>\r\n<\/div>\r\n\r\n<div syle=\"margin-top: 80px\">\r\n\t<p>Who's near me?<br> <a href=\"\/principal-finder\">Search for a local Liquid Capital Principal &#8594;<\/a><\/p>\r\n<\/div><\/div><\/div>\n\t<\/div><span class=\"seperator extralight-border\"><\/span><\/section><\/div><\/div>\n\t\t<\/div><\/div><\/div>\n<\/article>\n<\/div>\n","protected":false},"excerpt":{"rendered":"","protected":false},"author":2,"featured_media":0,"parent":523,"menu_order":0,"comment_status":"closed","ping_status":"closed","template":"","meta":{"footnotes":""},"class_list":["post-550","page","type-page","status-publish","hentry"],"yoast_head":"<!-- This site is optimized with the Yoast SEO plugin v27.5 - https:\/\/yoast.com\/product\/yoast-seo-wordpress\/ -->\n<title>Financement D\u2019achats - Liquid Capital<\/title>\n<meta name=\"description\" content=\"Le programme de financement d\u2019achat de capital liquide est un moyen simple et rapide pour une entreprise de financer ses achats sans recourir au financement sur commande.\" \/>\n<meta name=\"robots\" content=\"index, follow, max-snippet:-1, max-image-preview:large, max-video-preview:-1\" \/>\n<link rel=\"canonical\" href=\"https:\/\/liquidcapitalcorp.com\/fr\/solutions-de-financement\/purchase-financing\/\" \/>\n<meta property=\"og:locale\" content=\"fr_FR\" \/>\n<meta property=\"og:type\" content=\"article\" \/>\n<meta property=\"og:title\" content=\"Financement D\u2019achats - Liquid Capital\" \/>\n<meta property=\"og:description\" content=\"Le programme de financement d\u2019achat de capital liquide est un moyen simple et rapide pour une entreprise de financer ses achats sans recourir au financement sur commande.\" \/>\n<meta property=\"og:url\" content=\"https:\/\/liquidcapitalcorp.com\/fr\/solutions-de-financement\/purchase-financing\/\" \/>\n<meta property=\"og:site_name\" content=\"Liquid Capital\" \/>\n<meta property=\"article:publisher\" content=\"https:\/\/www.facebook.com\/liquid.capital\" \/>\n<meta property=\"article:modified_time\" content=\"2019-07-09T16:33:18+00:00\" \/>\n<meta property=\"og:image\" content=\"http:\/\/liquidcapitalcorp.com\/wp-content\/uploads\/2016\/07\/pfp-french.png\" \/>\n<meta name=\"twitter:card\" content=\"summary_large_image\" \/>\n<meta name=\"twitter:site\" content=\"@Liquid_Capital\" \/>\n<meta name=\"twitter:label1\" content=\"Dur\u00e9e de lecture estim\u00e9e\" \/>\n\t<meta name=\"twitter:data1\" content=\"5 minutes\" \/>\n<script type=\"application\/ld+json\" class=\"yoast-schema-graph\">{\"@context\":\"https:\\\/\\\/schema.org\",\"@graph\":[{\"@type\":\"WebPage\",\"@id\":\"https:\\\/\\\/liquidcapitalcorp.com\\\/fr\\\/solutions-de-financement\\\/purchase-financing\\\/\",\"url\":\"https:\\\/\\\/liquidcapitalcorp.com\\\/fr\\\/solutions-de-financement\\\/purchase-financing\\\/\",\"name\":\"Financement D\u2019achats - Liquid Capital\",\"isPartOf\":{\"@id\":\"https:\\\/\\\/liquidcapitalcorp.com\\\/#website\"},\"primaryImageOfPage\":{\"@id\":\"https:\\\/\\\/liquidcapitalcorp.com\\\/fr\\\/solutions-de-financement\\\/purchase-financing\\\/#primaryimage\"},\"image\":{\"@id\":\"https:\\\/\\\/liquidcapitalcorp.com\\\/fr\\\/solutions-de-financement\\\/purchase-financing\\\/#primaryimage\"},\"thumbnailUrl\":\"http:\\\/\\\/liquidcapitalcorp.com\\\/wp-content\\\/uploads\\\/2016\\\/07\\\/pfp-french.png\",\"datePublished\":\"2016-07-14T11:49:56+00:00\",\"dateModified\":\"2019-07-09T16:33:18+00:00\",\"description\":\"Le programme de financement d\u2019achat de capital liquide est un moyen simple et rapide pour une entreprise de financer ses achats sans recourir au financement sur commande.\",\"breadcrumb\":{\"@id\":\"https:\\\/\\\/liquidcapitalcorp.com\\\/fr\\\/solutions-de-financement\\\/purchase-financing\\\/#breadcrumb\"},\"inLanguage\":\"fr-FR\",\"potentialAction\":[{\"@type\":\"ReadAction\",\"target\":[\"https:\\\/\\\/liquidcapitalcorp.com\\\/fr\\\/solutions-de-financement\\\/purchase-financing\\\/\"]}]},{\"@type\":\"ImageObject\",\"inLanguage\":\"fr-FR\",\"@id\":\"https:\\\/\\\/liquidcapitalcorp.com\\\/fr\\\/solutions-de-financement\\\/purchase-financing\\\/#primaryimage\",\"url\":\"http:\\\/\\\/liquidcapitalcorp.com\\\/wp-content\\\/uploads\\\/2016\\\/07\\\/pfp-french.png\",\"contentUrl\":\"http:\\\/\\\/liquidcapitalcorp.com\\\/wp-content\\\/uploads\\\/2016\\\/07\\\/pfp-french.png\"},{\"@type\":\"BreadcrumbList\",\"@id\":\"https:\\\/\\\/liquidcapitalcorp.com\\\/fr\\\/solutions-de-financement\\\/purchase-financing\\\/#breadcrumb\",\"itemListElement\":[{\"@type\":\"ListItem\",\"position\":1,\"name\":\"Home\",\"item\":\"https:\\\/\\\/liquidcapitalcorp.com\\\/fr\\\/homefrench\\\/\"},{\"@type\":\"ListItem\",\"position\":2,\"name\":\"Solutions de financement\",\"item\":\"https:\\\/\\\/liquidcapitalcorp.com\\\/fr\\\/solutions-de-financement\\\/\"},{\"@type\":\"ListItem\",\"position\":3,\"name\":\"Financement D\u2019achats\"}]},{\"@type\":\"WebSite\",\"@id\":\"https:\\\/\\\/liquidcapitalcorp.com\\\/#website\",\"url\":\"https:\\\/\\\/liquidcapitalcorp.com\\\/\",\"name\":\"Liquid Capital\",\"description\":\"Become a Franchise Principal\",\"publisher\":{\"@id\":\"https:\\\/\\\/liquidcapitalcorp.com\\\/#organization\"},\"potentialAction\":[{\"@type\":\"SearchAction\",\"target\":{\"@type\":\"EntryPoint\",\"urlTemplate\":\"https:\\\/\\\/liquidcapitalcorp.com\\\/?s={search_term_string}\"},\"query-input\":{\"@type\":\"PropertyValueSpecification\",\"valueRequired\":true,\"valueName\":\"search_term_string\"}}],\"inLanguage\":\"fr-FR\"},{\"@type\":\"Organization\",\"@id\":\"https:\\\/\\\/liquidcapitalcorp.com\\\/#organization\",\"name\":\"Liquid Capital\",\"url\":\"https:\\\/\\\/liquidcapitalcorp.com\\\/\",\"logo\":{\"@type\":\"ImageObject\",\"inLanguage\":\"fr-FR\",\"@id\":\"https:\\\/\\\/liquidcapitalcorp.com\\\/#\\\/schema\\\/logo\\\/image\\\/\",\"url\":\"https:\\\/\\\/liquidcapitalcorp.com\\\/wp-content\\\/uploads\\\/2016\\\/01\\\/logo-Liquid-capital.jpg\",\"contentUrl\":\"https:\\\/\\\/liquidcapitalcorp.com\\\/wp-content\\\/uploads\\\/2016\\\/01\\\/logo-Liquid-capital.jpg\",\"width\":202,\"height\":80,\"caption\":\"Liquid Capital\"},\"image\":{\"@id\":\"https:\\\/\\\/liquidcapitalcorp.com\\\/#\\\/schema\\\/logo\\\/image\\\/\"},\"sameAs\":[\"https:\\\/\\\/www.facebook.com\\\/liquid.capital\",\"https:\\\/\\\/x.com\\\/Liquid_Capital\",\"https:\\\/\\\/www.linkedin.com\\\/company-beta\\\/16600\\\/\"]}]}<\/script>\n<!-- \/ Yoast SEO plugin. -->","yoast_head_json":{"title":"Financement D\u2019achats - Liquid Capital","description":"Le programme de financement d\u2019achat de capital liquide est un moyen simple et rapide pour une entreprise de financer ses achats sans recourir au financement sur commande.","robots":{"index":"index","follow":"follow","max-snippet":"max-snippet:-1","max-image-preview":"max-image-preview:large","max-video-preview":"max-video-preview:-1"},"canonical":"https:\/\/liquidcapitalcorp.com\/fr\/solutions-de-financement\/purchase-financing\/","og_locale":"fr_FR","og_type":"article","og_title":"Financement D\u2019achats - Liquid Capital","og_description":"Le programme de financement d\u2019achat de capital liquide est un moyen simple et rapide pour une entreprise de financer ses achats sans recourir au financement sur commande.","og_url":"https:\/\/liquidcapitalcorp.com\/fr\/solutions-de-financement\/purchase-financing\/","og_site_name":"Liquid Capital","article_publisher":"https:\/\/www.facebook.com\/liquid.capital","article_modified_time":"2019-07-09T16:33:18+00:00","og_image":[{"url":"http:\/\/liquidcapitalcorp.com\/wp-content\/uploads\/2016\/07\/pfp-french.png","type":"","width":"","height":""}],"twitter_card":"summary_large_image","twitter_site":"@Liquid_Capital","twitter_misc":{"Dur\u00e9e de lecture estim\u00e9e":"5 minutes"},"schema":{"@context":"https:\/\/schema.org","@graph":[{"@type":"WebPage","@id":"https:\/\/liquidcapitalcorp.com\/fr\/solutions-de-financement\/purchase-financing\/","url":"https:\/\/liquidcapitalcorp.com\/fr\/solutions-de-financement\/purchase-financing\/","name":"Financement D\u2019achats - Liquid Capital","isPartOf":{"@id":"https:\/\/liquidcapitalcorp.com\/#website"},"primaryImageOfPage":{"@id":"https:\/\/liquidcapitalcorp.com\/fr\/solutions-de-financement\/purchase-financing\/#primaryimage"},"image":{"@id":"https:\/\/liquidcapitalcorp.com\/fr\/solutions-de-financement\/purchase-financing\/#primaryimage"},"thumbnailUrl":"http:\/\/liquidcapitalcorp.com\/wp-content\/uploads\/2016\/07\/pfp-french.png","datePublished":"2016-07-14T11:49:56+00:00","dateModified":"2019-07-09T16:33:18+00:00","description":"Le programme de financement d\u2019achat de capital liquide est un moyen simple et rapide pour une entreprise de financer ses achats sans recourir au financement sur commande.","breadcrumb":{"@id":"https:\/\/liquidcapitalcorp.com\/fr\/solutions-de-financement\/purchase-financing\/#breadcrumb"},"inLanguage":"fr-FR","potentialAction":[{"@type":"ReadAction","target":["https:\/\/liquidcapitalcorp.com\/fr\/solutions-de-financement\/purchase-financing\/"]}]},{"@type":"ImageObject","inLanguage":"fr-FR","@id":"https:\/\/liquidcapitalcorp.com\/fr\/solutions-de-financement\/purchase-financing\/#primaryimage","url":"http:\/\/liquidcapitalcorp.com\/wp-content\/uploads\/2016\/07\/pfp-french.png","contentUrl":"http:\/\/liquidcapitalcorp.com\/wp-content\/uploads\/2016\/07\/pfp-french.png"},{"@type":"BreadcrumbList","@id":"https:\/\/liquidcapitalcorp.com\/fr\/solutions-de-financement\/purchase-financing\/#breadcrumb","itemListElement":[{"@type":"ListItem","position":1,"name":"Home","item":"https:\/\/liquidcapitalcorp.com\/fr\/homefrench\/"},{"@type":"ListItem","position":2,"name":"Solutions de financement","item":"https:\/\/liquidcapitalcorp.com\/fr\/solutions-de-financement\/"},{"@type":"ListItem","position":3,"name":"Financement D\u2019achats"}]},{"@type":"WebSite","@id":"https:\/\/liquidcapitalcorp.com\/#website","url":"https:\/\/liquidcapitalcorp.com\/","name":"Liquid Capital","description":"Become a Franchise Principal","publisher":{"@id":"https:\/\/liquidcapitalcorp.com\/#organization"},"potentialAction":[{"@type":"SearchAction","target":{"@type":"EntryPoint","urlTemplate":"https:\/\/liquidcapitalcorp.com\/?s={search_term_string}"},"query-input":{"@type":"PropertyValueSpecification","valueRequired":true,"valueName":"search_term_string"}}],"inLanguage":"fr-FR"},{"@type":"Organization","@id":"https:\/\/liquidcapitalcorp.com\/#organization","name":"Liquid Capital","url":"https:\/\/liquidcapitalcorp.com\/","logo":{"@type":"ImageObject","inLanguage":"fr-FR","@id":"https:\/\/liquidcapitalcorp.com\/#\/schema\/logo\/image\/","url":"https:\/\/liquidcapitalcorp.com\/wp-content\/uploads\/2016\/01\/logo-Liquid-capital.jpg","contentUrl":"https:\/\/liquidcapitalcorp.com\/wp-content\/uploads\/2016\/01\/logo-Liquid-capital.jpg","width":202,"height":80,"caption":"Liquid Capital"},"image":{"@id":"https:\/\/liquidcapitalcorp.com\/#\/schema\/logo\/image\/"},"sameAs":["https:\/\/www.facebook.com\/liquid.capital","https:\/\/x.com\/Liquid_Capital","https:\/\/www.linkedin.com\/company-beta\/16600\/"]}]}},"_links":{"self":[{"href":"https:\/\/liquidcapitalcorp.com\/fr\/wp-json\/wp\/v2\/pages\/550","targetHints":{"allow":["GET"]}}],"collection":[{"href":"https:\/\/liquidcapitalcorp.com\/fr\/wp-json\/wp\/v2\/pages"}],"about":[{"href":"https:\/\/liquidcapitalcorp.com\/fr\/wp-json\/wp\/v2\/types\/page"}],"author":[{"embeddable":true,"href":"https:\/\/liquidcapitalcorp.com\/fr\/wp-json\/wp\/v2\/users\/2"}],"replies":[{"embeddable":true,"href":"https:\/\/liquidcapitalcorp.com\/fr\/wp-json\/wp\/v2\/comments?post=550"}],"version-history":[{"count":0,"href":"https:\/\/liquidcapitalcorp.com\/fr\/wp-json\/wp\/v2\/pages\/550\/revisions"}],"up":[{"embeddable":true,"href":"https:\/\/liquidcapitalcorp.com\/fr\/wp-json\/wp\/v2\/pages\/523"}],"wp:attachment":[{"href":"https:\/\/liquidcapitalcorp.com\/fr\/wp-json\/wp\/v2\/media?parent=550"}],"curies":[{"name":"wp","href":"https:\/\/api.w.org\/{rel}","templated":true}]}}