
{"id":548,"date":"2016-07-14T11:49:16","date_gmt":"2016-07-14T11:49:16","guid":{"rendered":"http:\/\/liquidcapitalcorp.com\/fr\/short-term-financing\/purchase-order-financing\/"},"modified":"2019-07-08T17:53:49","modified_gmt":"2019-07-08T17:53:49","slug":"purchase-order-financing","status":"publish","type":"page","link":"https:\/\/liquidcapitalcorp.com\/fr\/solutions-de-financement\/purchase-order-financing\/","title":{"rendered":"Financement De Bons De Commande"},"content":{"rendered":"\n<style type=\"text\/css\" data-created_by=\"avia_inline_auto\" id=\"style-css-av-av_section-75c279980b81dab0be416eba1c6d479d\">\n.avia-section.av-av_section-75c279980b81dab0be416eba1c6d479d{\nbackground-color:#f2f2f2;\nbackground-image:url(https:\/\/liquidcapitalcorp.com\/wp-content\/uploads\/2016\/07\/factoring-solutions-purchase-order-financing.jpg);\nbackground-repeat:no-repeat;\nbackground-position:50% 0%;\nbackground-attachment:scroll;\n}\n<\/style>\n<div id='sn-title'  class='avia-section av-av_section-75c279980b81dab0be416eba1c6d479d main_color avia-section-no-padding avia-no-border-styling  avia-builder-el-0  el_before_av_two_third  avia-builder-el-first  avia-full-stretch avia-bg-style-scroll av-minimum-height av-minimum-height-custom av-height-custom  container_wrap fullsize'  data-section-bg-repeat='stretch' data-av_minimum_height_px='340'><div class='container av-section-cont-open' style='height:340px'><main  role=\"main\" itemprop=\"mainContentOfPage\"  class='template-page content  av-content-full alpha units'><div class='post-entry post-entry-type-page post-entry-548'><div class='entry-content-wrapper clearfix'>\n\n<style type=\"text\/css\" data-created_by=\"avia_inline_auto\" id=\"style-css-av-av_one_full-9497bbf8bff73ea4c6992cc17fa9ec36\">\n.flex_column.av-av_one_full-9497bbf8bff73ea4c6992cc17fa9ec36{\nborder-radius:0px 0px 0px 0px;\npadding:0px 0px 0px 0px;\n}\n<\/style>\n<div  class='flex_column av-av_one_full-9497bbf8bff73ea4c6992cc17fa9ec36 av_one_full  avia-builder-el-1  avia-builder-el-no-sibling  first flex_column_div av-zero-column-padding  '     ><style type=\"text\/css\" data-created_by=\"avia_inline_auto\" id=\"style-css-av-av_textblock-2c4666f3ab4f7ce91aecfa132518884d\">\n#top .av_textblock_section.av-av_textblock-2c4666f3ab4f7ce91aecfa132518884d .avia_textblock{\nfont-size:40px;\n}\n<\/style>\n<section  class='av_textblock_section av-av_textblock-2c4666f3ab4f7ce91aecfa132518884d '   itemscope=\"itemscope\" itemtype=\"https:\/\/schema.org\/CreativeWork\" ><div class='avia_textblock'  itemprop=\"text\" ><h1 style=\"text-align: center;\">Financement De Bons De Commande<\/h1>\n<h1 style=\"text-align: center;\"><\/h1>\n<\/div><\/section><\/div>\n<\/div><\/div><\/main><!-- close content main element --><\/div><\/div><div id='after_section_1'  class='main_color av_default_container_wrap container_wrap fullsize'  ><div class='container av-section-cont-open' ><div class='template-page content  av-content-full alpha units'><div class='post-entry post-entry-type-page post-entry-548'><div class='entry-content-wrapper clearfix'>\n\n<style type=\"text\/css\" data-created_by=\"avia_inline_auto\" id=\"style-css-av-av_two_third-9497bbf8bff73ea4c6992cc17fa9ec36\">\n.flex_column.av-av_two_third-9497bbf8bff73ea4c6992cc17fa9ec36{\nborder-radius:0px 0px 0px 0px;\npadding:0px 0px 0px 0px;\n}\n<\/style>\n<div  class='flex_column av-av_two_third-9497bbf8bff73ea4c6992cc17fa9ec36 av_two_third  avia-builder-el-3  el_after_av_section  el_before_av_one_third  avia-builder-el-first  first flex_column_div av-zero-column-padding  '     ><section  class='av_textblock_section av-av_textblock-0366cc7376be6c9e82a3e9cc8987b64f '   itemscope=\"itemscope\" itemtype=\"https:\/\/schema.org\/CreativeWork\" ><div class='avia_textblock'  itemprop=\"text\" ><h2>Une solution \u00e9volu\u00e9e pour les d\u00e9fis associ\u00e9s au paiement anticip\u00e9<\/h2>\n<p>Le calendrier de paiement des fournisseurs peut se r\u00e9v\u00e9ler un probl\u00e8me de taille pour les entreprises disposant de peu de capitaux. Si votre entreprise re\u00e7oit des commandes \u00e0 un rythme qui d\u00e9passe votre fonds de roulement disponible, le financement de bons de commande de Liquid Capital pourrait \u00eatre une option de financement \u00e0 court terme susceptible d\u2019aider votre entreprise \u00e0 cro\u00eetre.<\/p>\n<p>Pour les entreprises qui re\u00e7oivent des produits finis ou quasi finis de leurs fournisseurs, la solution de financement de bons de commande de Liquid Capital peut r\u00e9pondre aux exigences li\u00e9es au paiement anticip\u00e9. Elle permet de combler les d\u00e9lais parfois importants entre le moment o\u00f9 un produit est charg\u00e9 pour livraison et le moment o\u00f9 le client re\u00e7oit le tout et r\u00e8gle la facture. Une fois la demande approuv\u00e9e, le financement de bons de commande couvre jusqu\u2019\u00e0 100 % du co\u00fbt du produit en transit.<\/p>\n<h3><strong>Le financement de bons de commande et l\u2019affacturage travaillent main dans la main<\/strong><\/h3>\n<p>En r\u00e8gle g\u00e9n\u00e9rale, le financement de bons de commande est utilis\u00e9 en combinaison avec la solution d\u2019affacturage de Liquid Capital, qui prend effet une fois que la vente comme telle au client devient d\u00e9finitive. L\u2019affacturage, qui vous fournit un fonds de roulement sur la base de la valeur de vos d\u00e9biteurs (g\u00e9n\u00e9r\u00e9s par la vente ferme), est utilis\u00e9 pour rembourser votre obligation d\u00e9coulant du financement des bons de commande.<\/p>\n<p><img loading=\"lazy\" decoding=\"async\" class=\"alignnone wp-image-4753 size-full\" src=\"http:\/\/liquidcapitalcorp.com\/wp-content\/uploads\/2016\/07\/po-financing-french.png\" width=\"984\" height=\"392\" srcset=\"https:\/\/liquidcapitalcorp.com\/wp-content\/uploads\/2016\/07\/po-financing-french.png 984w, https:\/\/liquidcapitalcorp.com\/wp-content\/uploads\/2016\/07\/po-financing-french-300x120.png 300w, https:\/\/liquidcapitalcorp.com\/wp-content\/uploads\/2016\/07\/po-financing-french-768x306.png 768w, https:\/\/liquidcapitalcorp.com\/wp-content\/uploads\/2016\/07\/po-financing-french-705x281.png 705w, https:\/\/liquidcapitalcorp.com\/wp-content\/uploads\/2016\/07\/po-financing-french-450x179.png 450w\" sizes=\"auto, (max-width: 984px) 100vw, 984px\" \/><\/p>\n<h5>Le financement de bons de commande permet de r\u00e9pondre aux exigences financi\u00e8res li\u00e9es aux fournisseurs et aux marchandises en transit, tandis que l\u2019affacturage convertit les d\u00e9biteurs en liquidit\u00e9s pour \u00e9teindre la dette de financement des bons de commande.<\/h5>\n<p><strong>La diff\u00e9rence Liquid Capital<\/strong><\/p>\n<ul>\n<li><strong>Notre service de tout premier ordre est assur\u00e9 par un r\u00e9seau de distribution local.<\/strong>Nous mettons \u00e0 votre port\u00e9e le plus grand r\u00e9seau de professionnels du financement de rechange \u00e0 travers l\u2019Am\u00e9rique du Nord, de sorte que vous traitez avec des d\u00e9cideurs locaux qui comprennent votre march\u00e9, votre entreprise et vos besoins.<\/li>\n<\/ul>\n<ul>\n<li><strong>Votre incapacit\u00e9 \u00e0 obtenir du cr\u00e9dit aupr\u00e8s des fournisseurs ne freinera pas votre strat\u00e9gie de croissance. <\/strong>Si vous achetez des produits finis ou quasi finis et que vous les vendez \u00e0 des clients solvables, vous pouvez financer les marchandises en transit sans monopoliser vos propres capitaux.<\/li>\n<\/ul>\n<ul>\n<li><strong>Notre service rapide signifie que vos opportunit\u00e9s et obligations n\u2019auront pas \u00e0 attendre. <\/strong>Une fois votre demande approuv\u00e9e, le financement est disponible imm\u00e9diatement, ce qui vous permet d\u2019acheter votre produit rapidement et d\u2019enclencher le processus de production\/d\u2019exp\u00e9dition.<\/li>\n<\/ul>\n<ul>\n<li><strong>B\u00e9n\u00e9ficiez d\u2019une transparence totale de l\u2019information, ainsi que d\u2019un acc\u00e8s 24\/7 \u00e0 du soutien en ligne. <\/strong>Vous jouissez toujours d\u2019une vue compl\u00e8te sur l\u2019\u00e9tat de vos affaires avec nous gr\u00e2ce aux images des factures, \u00e0 la documentation de soutien, aux avis de recouvrement et aux d\u00e9tails des paiements.<\/li>\n<\/ul>\n<ul>\n<li><strong>L\u2019assurance qualit\u00e9 fait partie de l\u2019entente. <\/strong>Au point d\u2019exp\u00e9dition, vos produits sont inspect\u00e9s par une agence internationale pour en contr\u00f4ler la qualit\u00e9, la quantit\u00e9 et la conformit\u00e9.<\/li>\n<\/ul>\n<ul>\n<li><strong>Votre solution de financement est bas\u00e9e sur la qualit\u00e9 de vos bons de commande.<\/strong>Vous avez travaill\u00e9 dur pour d\u00e9velopper une client\u00e8le solide. Le financement de bons de commande vous donne maintenant la possibilit\u00e9 d\u2019extraire la valeur future de vos bons de commande.<\/li>\n<\/ul>\n<h5>Le financement de bons de commande de Liquid Capital couvre jusqu\u2019\u00e0 100 % du co\u00fbt du produit en transit, ce qui vous permet d\u2019acheter des produits pr\u00e9vendus rapidement, sans avoir recours \u00e0 votre ligne de cr\u00e9dit bancaire.<\/h5>\n<\/div><\/section><\/div>\n<style type=\"text\/css\" data-created_by=\"avia_inline_auto\" id=\"style-css-av-av_one_third-9c1d454dc06f7247226bc4e8f931daae\">\n.flex_column.av-av_one_third-9c1d454dc06f7247226bc4e8f931daae{\nborder-radius:0px 0px 0px 0px;\npadding:0px 0px 0px 0px;\n}\n<\/style>\n<div  class='flex_column av-av_one_third-9c1d454dc06f7247226bc4e8f931daae av_one_third  avia-builder-el-5  el_after_av_two_third  avia-builder-el-last  flex_column_div av-zero-column-padding  '     ><div  class='avia-builder-widget-area clearfix  avia-builder-el-6  avia-builder-el-no-sibling '><div id=\"text-3\" class=\"widget clearfix widget_text\">\t\t\t<div class=\"textwidget\"><div  class='avia-builder-widget-area clearfix '><section id=\"custom_html-6\" class=\"widget_text widget clearfix widget_custom_html\"><div class=\"textwidget custom-html-widget\">\n\t\t<div id=\"custom_html-5\" class=\"widget_text widget clearfix widget_custom_html\"><div class=\"textwidget custom-html-widget\">\t<p style=\"color:#f37121; font-size: 42px; line-height: 42px; font-weight: bold; margin-top: -10px;\">Always ready<br>to help.<\/p>\r\n<p style=\"font-size: 24px; line-height:24px;\"><strong>Liquid Capital is North America's leading alternative business funding provider.<\/strong><\/p>\r\n<p style=\"font-size: 24px; line-height:24px\"><strong>Get personalized strategic guidance, and up to $10 Million in fast funding.<\/strong><\/p>\r\n\t\t\t<div style=\"margin-top: 20px; margin-bottom: 30px;\">\r\n\t\t\t<a href=\"https:\/\/liquidcapitalcorp.com\/principal-finder\/\"><img loading=\"lazy\" decoding=\"async\" class=\"alignnone size-full wp-image-20758\" src=\"https:\/\/liquidcapitalcorp.com\/wp-content\/uploads\/2024\/02\/button1.jpg\" alt=\"\" width=\"173\" height=\"54\" \/><\/a>\r\n<\/div>\r\n\r\n<div syle=\"margin-top: 80px\">\r\n\t<p>Who's near me?<br> <a href=\"\/principal-finder\">Search for a local Liquid Capital Principal &#8594;<\/a><\/p>\r\n<\/div><\/div><\/div>\n\t<\/div><span class=\"seperator extralight-border\"><\/span><\/section><\/div><\/div>\n\t\t<\/div><\/div><\/div><\/p>\n","protected":false},"excerpt":{"rendered":"","protected":false},"author":2,"featured_media":0,"parent":523,"menu_order":0,"comment_status":"closed","ping_status":"closed","template":"","meta":{"footnotes":""},"class_list":["post-548","page","type-page","status-publish","hentry"],"yoast_head":"<!-- This site is optimized with the Yoast SEO plugin v27.5 - https:\/\/yoast.com\/product\/yoast-seo-wordpress\/ -->\n<title>Financement De Bons De Commande - Liquid Capital<\/title>\n<meta name=\"description\" content=\"La solution de financement par commande de Liquid Capital vous aide \u00e0 r\u00e9pondre aux exigences de vos fournisseurs et \u00e0 combler le foss\u00e9 parfois consid\u00e9rable qui existe entre le moment o\u00f9 un produit est charg\u00e9 pour le transit et celui o\u00f9 un client le re\u00e7oit et le paie.\" \/>\n<meta name=\"robots\" content=\"index, follow, max-snippet:-1, max-image-preview:large, max-video-preview:-1\" \/>\n<link rel=\"canonical\" href=\"https:\/\/liquidcapitalcorp.com\/fr\/solutions-de-financement\/purchase-order-financing\/\" \/>\n<meta property=\"og:locale\" content=\"fr_FR\" \/>\n<meta property=\"og:type\" content=\"article\" \/>\n<meta property=\"og:title\" content=\"Financement De Bons De Commande - Liquid Capital\" \/>\n<meta property=\"og:description\" content=\"La solution de financement par commande de Liquid Capital vous aide \u00e0 r\u00e9pondre aux exigences de vos fournisseurs et \u00e0 combler le foss\u00e9 parfois consid\u00e9rable qui existe entre le moment o\u00f9 un produit est charg\u00e9 pour le transit et celui o\u00f9 un client le re\u00e7oit et le paie.\" \/>\n<meta property=\"og:url\" content=\"https:\/\/liquidcapitalcorp.com\/fr\/solutions-de-financement\/purchase-order-financing\/\" \/>\n<meta property=\"og:site_name\" content=\"Liquid Capital\" \/>\n<meta property=\"article:publisher\" content=\"https:\/\/www.facebook.com\/liquid.capital\" \/>\n<meta property=\"article:modified_time\" content=\"2019-07-08T17:53:49+00:00\" \/>\n<meta property=\"og:image\" content=\"http:\/\/liquidcapitalcorp.com\/wp-content\/uploads\/2016\/07\/po-financing-french.png\" \/>\n<meta name=\"twitter:card\" content=\"summary_large_image\" \/>\n<meta name=\"twitter:site\" content=\"@Liquid_Capital\" \/>\n<meta name=\"twitter:label1\" content=\"Dur\u00e9e de lecture estim\u00e9e\" \/>\n\t<meta name=\"twitter:data1\" content=\"4 minutes\" \/>\n<script type=\"application\/ld+json\" class=\"yoast-schema-graph\">{\"@context\":\"https:\\\/\\\/schema.org\",\"@graph\":[{\"@type\":\"WebPage\",\"@id\":\"https:\\\/\\\/liquidcapitalcorp.com\\\/fr\\\/solutions-de-financement\\\/purchase-order-financing\\\/\",\"url\":\"https:\\\/\\\/liquidcapitalcorp.com\\\/fr\\\/solutions-de-financement\\\/purchase-order-financing\\\/\",\"name\":\"Financement De Bons De Commande - Liquid Capital\",\"isPartOf\":{\"@id\":\"https:\\\/\\\/liquidcapitalcorp.com\\\/#website\"},\"primaryImageOfPage\":{\"@id\":\"https:\\\/\\\/liquidcapitalcorp.com\\\/fr\\\/solutions-de-financement\\\/purchase-order-financing\\\/#primaryimage\"},\"image\":{\"@id\":\"https:\\\/\\\/liquidcapitalcorp.com\\\/fr\\\/solutions-de-financement\\\/purchase-order-financing\\\/#primaryimage\"},\"thumbnailUrl\":\"http:\\\/\\\/liquidcapitalcorp.com\\\/wp-content\\\/uploads\\\/2016\\\/07\\\/po-financing-french.png\",\"datePublished\":\"2016-07-14T11:49:16+00:00\",\"dateModified\":\"2019-07-08T17:53:49+00:00\",\"description\":\"La solution de financement par commande de Liquid Capital vous aide \u00e0 r\u00e9pondre aux exigences de vos fournisseurs et \u00e0 combler le foss\u00e9 parfois consid\u00e9rable qui existe entre le moment o\u00f9 un produit est charg\u00e9 pour le transit et celui o\u00f9 un client le re\u00e7oit et le paie.\",\"breadcrumb\":{\"@id\":\"https:\\\/\\\/liquidcapitalcorp.com\\\/fr\\\/solutions-de-financement\\\/purchase-order-financing\\\/#breadcrumb\"},\"inLanguage\":\"fr-FR\",\"potentialAction\":[{\"@type\":\"ReadAction\",\"target\":[\"https:\\\/\\\/liquidcapitalcorp.com\\\/fr\\\/solutions-de-financement\\\/purchase-order-financing\\\/\"]}]},{\"@type\":\"ImageObject\",\"inLanguage\":\"fr-FR\",\"@id\":\"https:\\\/\\\/liquidcapitalcorp.com\\\/fr\\\/solutions-de-financement\\\/purchase-order-financing\\\/#primaryimage\",\"url\":\"http:\\\/\\\/liquidcapitalcorp.com\\\/wp-content\\\/uploads\\\/2016\\\/07\\\/po-financing-french.png\",\"contentUrl\":\"http:\\\/\\\/liquidcapitalcorp.com\\\/wp-content\\\/uploads\\\/2016\\\/07\\\/po-financing-french.png\"},{\"@type\":\"BreadcrumbList\",\"@id\":\"https:\\\/\\\/liquidcapitalcorp.com\\\/fr\\\/solutions-de-financement\\\/purchase-order-financing\\\/#breadcrumb\",\"itemListElement\":[{\"@type\":\"ListItem\",\"position\":1,\"name\":\"Home\",\"item\":\"https:\\\/\\\/liquidcapitalcorp.com\\\/fr\\\/homefrench\\\/\"},{\"@type\":\"ListItem\",\"position\":2,\"name\":\"Solutions de financement\",\"item\":\"https:\\\/\\\/liquidcapitalcorp.com\\\/fr\\\/solutions-de-financement\\\/\"},{\"@type\":\"ListItem\",\"position\":3,\"name\":\"Financement De Bons De Commande\"}]},{\"@type\":\"WebSite\",\"@id\":\"https:\\\/\\\/liquidcapitalcorp.com\\\/#website\",\"url\":\"https:\\\/\\\/liquidcapitalcorp.com\\\/\",\"name\":\"Liquid Capital\",\"description\":\"Become a Franchise Principal\",\"publisher\":{\"@id\":\"https:\\\/\\\/liquidcapitalcorp.com\\\/#organization\"},\"potentialAction\":[{\"@type\":\"SearchAction\",\"target\":{\"@type\":\"EntryPoint\",\"urlTemplate\":\"https:\\\/\\\/liquidcapitalcorp.com\\\/?s={search_term_string}\"},\"query-input\":{\"@type\":\"PropertyValueSpecification\",\"valueRequired\":true,\"valueName\":\"search_term_string\"}}],\"inLanguage\":\"fr-FR\"},{\"@type\":\"Organization\",\"@id\":\"https:\\\/\\\/liquidcapitalcorp.com\\\/#organization\",\"name\":\"Liquid Capital\",\"url\":\"https:\\\/\\\/liquidcapitalcorp.com\\\/\",\"logo\":{\"@type\":\"ImageObject\",\"inLanguage\":\"fr-FR\",\"@id\":\"https:\\\/\\\/liquidcapitalcorp.com\\\/#\\\/schema\\\/logo\\\/image\\\/\",\"url\":\"https:\\\/\\\/liquidcapitalcorp.com\\\/wp-content\\\/uploads\\\/2016\\\/01\\\/logo-Liquid-capital.jpg\",\"contentUrl\":\"https:\\\/\\\/liquidcapitalcorp.com\\\/wp-content\\\/uploads\\\/2016\\\/01\\\/logo-Liquid-capital.jpg\",\"width\":202,\"height\":80,\"caption\":\"Liquid Capital\"},\"image\":{\"@id\":\"https:\\\/\\\/liquidcapitalcorp.com\\\/#\\\/schema\\\/logo\\\/image\\\/\"},\"sameAs\":[\"https:\\\/\\\/www.facebook.com\\\/liquid.capital\",\"https:\\\/\\\/x.com\\\/Liquid_Capital\",\"https:\\\/\\\/www.linkedin.com\\\/company-beta\\\/16600\\\/\"]}]}<\/script>\n<!-- \/ Yoast SEO plugin. -->","yoast_head_json":{"title":"Financement De Bons De Commande - Liquid Capital","description":"La solution de financement par commande de Liquid Capital vous aide \u00e0 r\u00e9pondre aux exigences de vos fournisseurs et \u00e0 combler le foss\u00e9 parfois consid\u00e9rable qui existe entre le moment o\u00f9 un produit est charg\u00e9 pour le transit et celui o\u00f9 un client le re\u00e7oit et le paie.","robots":{"index":"index","follow":"follow","max-snippet":"max-snippet:-1","max-image-preview":"max-image-preview:large","max-video-preview":"max-video-preview:-1"},"canonical":"https:\/\/liquidcapitalcorp.com\/fr\/solutions-de-financement\/purchase-order-financing\/","og_locale":"fr_FR","og_type":"article","og_title":"Financement De Bons De Commande - Liquid Capital","og_description":"La solution de financement par commande de Liquid Capital vous aide \u00e0 r\u00e9pondre aux exigences de vos fournisseurs et \u00e0 combler le foss\u00e9 parfois consid\u00e9rable qui existe entre le moment o\u00f9 un produit est charg\u00e9 pour le transit et celui o\u00f9 un client le re\u00e7oit et le paie.","og_url":"https:\/\/liquidcapitalcorp.com\/fr\/solutions-de-financement\/purchase-order-financing\/","og_site_name":"Liquid Capital","article_publisher":"https:\/\/www.facebook.com\/liquid.capital","article_modified_time":"2019-07-08T17:53:49+00:00","og_image":[{"url":"http:\/\/liquidcapitalcorp.com\/wp-content\/uploads\/2016\/07\/po-financing-french.png","type":"","width":"","height":""}],"twitter_card":"summary_large_image","twitter_site":"@Liquid_Capital","twitter_misc":{"Dur\u00e9e de lecture estim\u00e9e":"4 minutes"},"schema":{"@context":"https:\/\/schema.org","@graph":[{"@type":"WebPage","@id":"https:\/\/liquidcapitalcorp.com\/fr\/solutions-de-financement\/purchase-order-financing\/","url":"https:\/\/liquidcapitalcorp.com\/fr\/solutions-de-financement\/purchase-order-financing\/","name":"Financement De Bons De Commande - Liquid Capital","isPartOf":{"@id":"https:\/\/liquidcapitalcorp.com\/#website"},"primaryImageOfPage":{"@id":"https:\/\/liquidcapitalcorp.com\/fr\/solutions-de-financement\/purchase-order-financing\/#primaryimage"},"image":{"@id":"https:\/\/liquidcapitalcorp.com\/fr\/solutions-de-financement\/purchase-order-financing\/#primaryimage"},"thumbnailUrl":"http:\/\/liquidcapitalcorp.com\/wp-content\/uploads\/2016\/07\/po-financing-french.png","datePublished":"2016-07-14T11:49:16+00:00","dateModified":"2019-07-08T17:53:49+00:00","description":"La solution de financement par commande de Liquid Capital vous aide \u00e0 r\u00e9pondre aux exigences de vos fournisseurs et \u00e0 combler le foss\u00e9 parfois consid\u00e9rable qui existe entre le moment o\u00f9 un produit est charg\u00e9 pour le transit et celui o\u00f9 un client le re\u00e7oit et le paie.","breadcrumb":{"@id":"https:\/\/liquidcapitalcorp.com\/fr\/solutions-de-financement\/purchase-order-financing\/#breadcrumb"},"inLanguage":"fr-FR","potentialAction":[{"@type":"ReadAction","target":["https:\/\/liquidcapitalcorp.com\/fr\/solutions-de-financement\/purchase-order-financing\/"]}]},{"@type":"ImageObject","inLanguage":"fr-FR","@id":"https:\/\/liquidcapitalcorp.com\/fr\/solutions-de-financement\/purchase-order-financing\/#primaryimage","url":"http:\/\/liquidcapitalcorp.com\/wp-content\/uploads\/2016\/07\/po-financing-french.png","contentUrl":"http:\/\/liquidcapitalcorp.com\/wp-content\/uploads\/2016\/07\/po-financing-french.png"},{"@type":"BreadcrumbList","@id":"https:\/\/liquidcapitalcorp.com\/fr\/solutions-de-financement\/purchase-order-financing\/#breadcrumb","itemListElement":[{"@type":"ListItem","position":1,"name":"Home","item":"https:\/\/liquidcapitalcorp.com\/fr\/homefrench\/"},{"@type":"ListItem","position":2,"name":"Solutions de financement","item":"https:\/\/liquidcapitalcorp.com\/fr\/solutions-de-financement\/"},{"@type":"ListItem","position":3,"name":"Financement De Bons De Commande"}]},{"@type":"WebSite","@id":"https:\/\/liquidcapitalcorp.com\/#website","url":"https:\/\/liquidcapitalcorp.com\/","name":"Liquid Capital","description":"Become a Franchise Principal","publisher":{"@id":"https:\/\/liquidcapitalcorp.com\/#organization"},"potentialAction":[{"@type":"SearchAction","target":{"@type":"EntryPoint","urlTemplate":"https:\/\/liquidcapitalcorp.com\/?s={search_term_string}"},"query-input":{"@type":"PropertyValueSpecification","valueRequired":true,"valueName":"search_term_string"}}],"inLanguage":"fr-FR"},{"@type":"Organization","@id":"https:\/\/liquidcapitalcorp.com\/#organization","name":"Liquid Capital","url":"https:\/\/liquidcapitalcorp.com\/","logo":{"@type":"ImageObject","inLanguage":"fr-FR","@id":"https:\/\/liquidcapitalcorp.com\/#\/schema\/logo\/image\/","url":"https:\/\/liquidcapitalcorp.com\/wp-content\/uploads\/2016\/01\/logo-Liquid-capital.jpg","contentUrl":"https:\/\/liquidcapitalcorp.com\/wp-content\/uploads\/2016\/01\/logo-Liquid-capital.jpg","width":202,"height":80,"caption":"Liquid Capital"},"image":{"@id":"https:\/\/liquidcapitalcorp.com\/#\/schema\/logo\/image\/"},"sameAs":["https:\/\/www.facebook.com\/liquid.capital","https:\/\/x.com\/Liquid_Capital","https:\/\/www.linkedin.com\/company-beta\/16600\/"]}]}},"_links":{"self":[{"href":"https:\/\/liquidcapitalcorp.com\/fr\/wp-json\/wp\/v2\/pages\/548","targetHints":{"allow":["GET"]}}],"collection":[{"href":"https:\/\/liquidcapitalcorp.com\/fr\/wp-json\/wp\/v2\/pages"}],"about":[{"href":"https:\/\/liquidcapitalcorp.com\/fr\/wp-json\/wp\/v2\/types\/page"}],"author":[{"embeddable":true,"href":"https:\/\/liquidcapitalcorp.com\/fr\/wp-json\/wp\/v2\/users\/2"}],"replies":[{"embeddable":true,"href":"https:\/\/liquidcapitalcorp.com\/fr\/wp-json\/wp\/v2\/comments?post=548"}],"version-history":[{"count":0,"href":"https:\/\/liquidcapitalcorp.com\/fr\/wp-json\/wp\/v2\/pages\/548\/revisions"}],"up":[{"embeddable":true,"href":"https:\/\/liquidcapitalcorp.com\/fr\/wp-json\/wp\/v2\/pages\/523"}],"wp:attachment":[{"href":"https:\/\/liquidcapitalcorp.com\/fr\/wp-json\/wp\/v2\/media?parent=548"}],"curies":[{"name":"wp","href":"https:\/\/api.w.org\/{rel}","templated":true}]}}