
{"id":8859,"date":"2018-10-22T19:11:59","date_gmt":"2018-10-22T19:11:59","guid":{"rendered":"https:\/\/liquidcapitalcorp.com\/referral-program-application\/"},"modified":"2019-02-12T21:22:19","modified_gmt":"2019-02-12T21:22:19","slug":"referral-program-application","status":"publish","type":"page","link":"https:\/\/liquidcapitalcorp.com\/es\/referral-program-application\/","title":{"rendered":"Apply to Become a Liquid Capital Referral Partner"},"content":{"rendered":"\n<style type=\"text\/css\" data-created_by=\"avia_inline_auto\" id=\"style-css-av-av_section-7a036f0102ca57edc61409669b20f57d\">\n.avia-section.av-av_section-7a036f0102ca57edc61409669b20f57d{\nbackground-color:#83a846;\nbackground-image:url(https:\/\/liquidcapitalcorp.com\/wp-content\/uploads\/2018\/10\/Fotolia_139573527_Subscription_Monthly_M.jpg);\nbackground-repeat:no-repeat;\nbackground-position:50% 50%;\nbackground-attachment:scroll;\n}\n.avia-section.av-av_section-7a036f0102ca57edc61409669b20f57d .av-section-color-overlay{\nopacity:0.5;\nbackground-color:#000000;\n}\n<\/style>\n<div id='sn-title'  class='avia-section av-av_section-7a036f0102ca57edc61409669b20f57d main_color avia-section-large avia-no-shadow  avia-builder-el-0  el_before_av_one_full  avia-builder-el-first  avia-full-stretch avia-bg-style-scroll av-section-color-overlay-active av-minimum-height av-minimum-height-25 av-height-25  container_wrap sidebar_right'  data-section-bg-repeat='stretch' data-av_minimum_height_pc='25' data-av_min_height_opt='25'><div class=\"av-section-color-overlay-wrap\"><div class=\"av-section-color-overlay\"><\/div><div class='container av-section-cont-open' ><main  role=\"main\" itemprop=\"mainContentOfPage\"  class='template-page content  av-content-small alpha units'><div class='post-entry post-entry-type-page post-entry-8859'><div class='entry-content-wrapper clearfix'>\n\n<style type=\"text\/css\" data-created_by=\"avia_inline_auto\" id=\"style-css-av-av_one_full-6126cab7d8fab8d08143dd2dacdf673c\">\n.flex_column.av-av_one_full-6126cab7d8fab8d08143dd2dacdf673c{\nborder-radius:0px 0px 0px 0px;\npadding:0px 0px 0px 0px;\n}\n<\/style>\n<div  class='flex_column av-av_one_full-6126cab7d8fab8d08143dd2dacdf673c av_one_full  avia-builder-el-1  avia-builder-el-no-sibling  first flex_column_div av-zero-column-padding  '     ><section  class='av_textblock_section av-av_textblock-0366cc7376be6c9e82a3e9cc8987b64f '   itemscope=\"itemscope\" itemtype=\"https:\/\/schema.org\/CreativeWork\" ><div class='avia_textblock'  itemprop=\"text\" ><h1 style=\"text-align: center;\"><span style=\"color: #ffffff;\">ESTAMOS PARA AYUDARLO A ESTABLECER RELACIONES.<br \/>\n<\/span><\/h1>\n<\/div><\/section><\/div><\/div><\/div><\/main><!-- close content main element --><\/div><\/div><\/div><div id='after_section_1'  class='main_color av_default_container_wrap container_wrap sidebar_right'  ><div class='container av-section-cont-open' ><div class='template-page content  av-content-small alpha units'><div class='post-entry post-entry-type-page post-entry-8859'><div class='entry-content-wrapper clearfix'>\n<style type=\"text\/css\" data-created_by=\"avia_inline_auto\" id=\"style-css-av-av_one_full-6126cab7d8fab8d08143dd2dacdf673c\">\n.flex_column.av-av_one_full-6126cab7d8fab8d08143dd2dacdf673c{\nborder-radius:0px 0px 0px 0px;\npadding:0px 0px 0px 0px;\n}\n<\/style>\n<div  class='flex_column av-av_one_full-6126cab7d8fab8d08143dd2dacdf673c av_one_full  avia-builder-el-3  el_after_av_section  el_before_av_one_half  avia-builder-el-first  first flex_column_div av-zero-column-padding  '     ><style type=\"text\/css\" data-created_by=\"avia_inline_auto\" id=\"style-css-av-av_textblock-04a24c66ecc2413daace6e63a4ac91fd\">\n#top .av_textblock_section.av-av_textblock-04a24c66ecc2413daace6e63a4ac91fd .avia_textblock{\nfont-size:18px;\n}\n<\/style>\n<section  class='av_textblock_section av-av_textblock-04a24c66ecc2413daace6e63a4ac91fd '   itemscope=\"itemscope\" itemtype=\"https:\/\/schema.org\/CreativeWork\" ><div class='avia_textblock'  itemprop=\"text\" ><h2 style=\"text-align: center; margin-bottom: 28px; line-height: normal;\"><span style=\"font-size: 24pt;\">Que usted sea un profesional del financiamiento comercial, un director de desarrollo comercial o un profesional bancario, podemos asociarnos con usted para proponer soluciones de capital circulante tales como factoraje de facturas, pr\u00e9stamo garantizado por activos, entre otros.<\/span><\/h2>\n<\/div><\/section><\/div><\/p>\n\n<style type=\"text\/css\" data-created_by=\"avia_inline_auto\" id=\"style-css-av-av_one_half-6126cab7d8fab8d08143dd2dacdf673c\">\n.flex_column.av-av_one_half-6126cab7d8fab8d08143dd2dacdf673c{\nborder-radius:0px 0px 0px 0px;\npadding:0px 0px 0px 0px;\n}\n<\/style>\n<div  class='flex_column av-av_one_half-6126cab7d8fab8d08143dd2dacdf673c av_one_half  avia-builder-el-5  el_after_av_one_full  el_before_av_one_half  first flex_column_div av-zero-column-padding  column-top-margin'     ><style type=\"text\/css\" data-created_by=\"avia_inline_auto\" id=\"style-css-av-av_textblock-04a24c66ecc2413daace6e63a4ac91fd\">\n#top .av_textblock_section.av-av_textblock-04a24c66ecc2413daace6e63a4ac91fd .avia_textblock{\nfont-size:18px;\n}\n<\/style>\n<section  class='av_textblock_section av-av_textblock-04a24c66ecc2413daace6e63a4ac91fd '   itemscope=\"itemscope\" itemtype=\"https:\/\/schema.org\/CreativeWork\" ><div class='avia_textblock'  itemprop=\"text\" ><p><span style=\"font-size: 18pt;\">En los \u00faltimos 20\u00a0a\u00f1os, hemos construido nuestro negocio a base de relaciones.\u00a0<\/span><\/p>\n<p><span style=\"font-size: 18pt;\">Poseemos la capacidad para evaluar el riesgo y poder actuar r\u00e1pidamente, adem\u00e1s de la capacidad financiera para facilitar sumas que van de los 50\u00a0mil a los 20\u00a0millones de d\u00f3lares.<\/span><\/p>\n<p><span style=\"font-size: 18pt;\">Nuestro personal lo conforman expertos del financiamiento apasionados y bien informados que poseen una amplia experiencia, abarcando diversas industrias, y que saben lo que se necesita para ayudar a una empresa a lograr el \u00e9xito. Cada d\u00eda, trabajamos con socios de referencia como usted.<\/span><\/p>\n<p><span style=\"font-size: 18pt;\">Las relaciones de referencia han jugado un papel importante en los 3\u00a0billones de d\u00f3lares en capital circulante que hemos distribuido en toda Norte Am\u00e9rica. (Obtenga m\u00e1s informaci\u00f3n sobre lo que nos diferencia del resto.)<\/span><br \/>\n<span style=\"font-size: 18pt;\">Comun\u00edquese con nosotros para saber c\u00f3mo podemos trabajar con usted para ayudarle a ayudar a sus clientes.<\/span><\/p>\n<\/div><\/section><\/div>\n\n<style type=\"text\/css\" data-created_by=\"avia_inline_auto\" id=\"style-css-av-av_one_half-531d5d4d3d3a74d4c56d8363993d8877\">\n.flex_column.av-av_one_half-531d5d4d3d3a74d4c56d8363993d8877{\nborder-radius:0px 0px 0px 0px;\npadding:0px 0px 0px 0px;\n}\n<\/style>\n<div  class='flex_column av-av_one_half-531d5d4d3d3a74d4c56d8363993d8877 av_one_half  avia-builder-el-7  el_after_av_one_half  el_before_av_one_full  flex_column_div av-zero-column-padding  column-top-margin'     ><section  class='av_textblock_section av-av_textblock-0366cc7376be6c9e82a3e9cc8987b64f '   itemscope=\"itemscope\" itemtype=\"https:\/\/schema.org\/CreativeWork\" ><div class='avia_textblock'  itemprop=\"text\" ><h3>Llene nuestro formulario Red de referencias y nos comunicaremos con usted para discutir la manera en la que podemos trabajar juntos.<\/h3>\n<p><!-- &#091;if lte IE 8&#093;>\n<script charset=\"utf-8\" type=\"text\/javascript\" src=\"\/\/js.hsforms.net\/forms\/v2-legacy.js\"><\/script>\n<!&#091;endif&#093;--><br \/>\n<script charset=\"utf-8\" type=\"text\/javascript\" src=\"\/\/js.hsforms.net\/forms\/v2.js\"><\/script><br \/>\n<script>\n  hbspt.forms.create({\n\tportalId: \"3351275\",\n\tformId: \"9fb75d3c-fb4b-46ca-bbdf-29cf7e747f7d\"\n});\n<\/script><\/p>\n<\/div><\/section><\/div>\n\n<style type=\"text\/css\" data-created_by=\"avia_inline_auto\" id=\"style-css-av-av_one_full-0d079a674ac9a0ad000ba2570505ccc9\">\n.flex_column.av-av_one_full-0d079a674ac9a0ad000ba2570505ccc9{\nborder-radius:0px 0px 0px 0px;\npadding:50px 0 0 0;\n}\n<\/style>\n<div  class='flex_column av-av_one_full-0d079a674ac9a0ad000ba2570505ccc9 av_one_full  avia-builder-el-9  el_after_av_one_half  avia-builder-el-last  first flex_column_div  column-top-margin'     ><\/div>\n","protected":false},"excerpt":{"rendered":"","protected":false},"author":8,"featured_media":0,"parent":0,"menu_order":0,"comment_status":"closed","ping_status":"closed","template":"","meta":{"footnotes":""},"class_list":["post-8859","page","type-page","status-publish","hentry"],"yoast_head":"<!-- This site is optimized with the Yoast SEO plugin v27.5 - https:\/\/yoast.com\/product\/yoast-seo-wordpress\/ -->\n<title>Apply to Become a Liquid Capital Referral Partner - Liquid Capital<\/title>\n<meta name=\"description\" content=\"PWhether you are a commercial finance professional, a BDO, or a bank - we can partner with you to\u00a0deliver working capital solutions including Invoice Factoring, Asset-Based Lending, and more.\" \/>\n<meta name=\"robots\" content=\"index, follow, max-snippet:-1, max-image-preview:large, max-video-preview:-1\" \/>\n<link rel=\"canonical\" href=\"https:\/\/liquidcapitalcorp.com\/es\/referral-program-application\/\" \/>\n<meta property=\"og:locale\" content=\"es_ES\" \/>\n<meta property=\"og:type\" content=\"article\" \/>\n<meta property=\"og:title\" content=\"Apply to Become a Liquid Capital Referral Partner - Liquid Capital\" \/>\n<meta property=\"og:description\" content=\"PWhether you are a commercial finance professional, a BDO, or a bank - we can partner with you to\u00a0deliver working capital solutions including Invoice Factoring, Asset-Based Lending, and more.\" \/>\n<meta property=\"og:url\" content=\"https:\/\/liquidcapitalcorp.com\/es\/referral-program-application\/\" \/>\n<meta property=\"og:site_name\" content=\"Liquid Capital\" \/>\n<meta property=\"article:publisher\" content=\"https:\/\/www.facebook.com\/liquid.capital\" \/>\n<meta property=\"article:modified_time\" content=\"2019-02-12T21:22:19+00:00\" \/>\n<meta name=\"twitter:card\" content=\"summary_large_image\" \/>\n<meta name=\"twitter:site\" content=\"@Liquid_Capital\" \/>\n<meta name=\"twitter:label1\" content=\"Tiempo de lectura\" \/>\n\t<meta name=\"twitter:data1\" content=\"3 minutos\" \/>\n<script type=\"application\/ld+json\" class=\"yoast-schema-graph\">{\"@context\":\"https:\\\/\\\/schema.org\",\"@graph\":[{\"@type\":\"WebPage\",\"@id\":\"https:\\\/\\\/liquidcapitalcorp.com\\\/es\\\/referral-program-application\\\/\",\"url\":\"https:\\\/\\\/liquidcapitalcorp.com\\\/es\\\/referral-program-application\\\/\",\"name\":\"Apply to Become a Liquid Capital Referral Partner - Liquid Capital\",\"isPartOf\":{\"@id\":\"https:\\\/\\\/liquidcapitalcorp.com\\\/#website\"},\"datePublished\":\"2018-10-22T19:11:59+00:00\",\"dateModified\":\"2019-02-12T21:22:19+00:00\",\"description\":\"PWhether you are a commercial finance professional, a BDO, or a bank - we can partner with you to\u00a0deliver working capital solutions including Invoice Factoring, Asset-Based Lending, and more.\",\"breadcrumb\":{\"@id\":\"https:\\\/\\\/liquidcapitalcorp.com\\\/es\\\/referral-program-application\\\/#breadcrumb\"},\"inLanguage\":\"es\",\"potentialAction\":[{\"@type\":\"ReadAction\",\"target\":[\"https:\\\/\\\/liquidcapitalcorp.com\\\/es\\\/referral-program-application\\\/\"]}]},{\"@type\":\"BreadcrumbList\",\"@id\":\"https:\\\/\\\/liquidcapitalcorp.com\\\/es\\\/referral-program-application\\\/#breadcrumb\",\"itemListElement\":[{\"@type\":\"ListItem\",\"position\":1,\"name\":\"Home\",\"item\":\"https:\\\/\\\/liquidcapitalcorp.com\\\/es\\\/\"},{\"@type\":\"ListItem\",\"position\":2,\"name\":\"Apply to Become a Liquid Capital Referral Partner\"}]},{\"@type\":\"WebSite\",\"@id\":\"https:\\\/\\\/liquidcapitalcorp.com\\\/#website\",\"url\":\"https:\\\/\\\/liquidcapitalcorp.com\\\/\",\"name\":\"Liquid Capital\",\"description\":\"Become a Franchise Principal\",\"publisher\":{\"@id\":\"https:\\\/\\\/liquidcapitalcorp.com\\\/#organization\"},\"potentialAction\":[{\"@type\":\"SearchAction\",\"target\":{\"@type\":\"EntryPoint\",\"urlTemplate\":\"https:\\\/\\\/liquidcapitalcorp.com\\\/?s={search_term_string}\"},\"query-input\":{\"@type\":\"PropertyValueSpecification\",\"valueRequired\":true,\"valueName\":\"search_term_string\"}}],\"inLanguage\":\"es\"},{\"@type\":\"Organization\",\"@id\":\"https:\\\/\\\/liquidcapitalcorp.com\\\/#organization\",\"name\":\"Liquid Capital\",\"url\":\"https:\\\/\\\/liquidcapitalcorp.com\\\/\",\"logo\":{\"@type\":\"ImageObject\",\"inLanguage\":\"es\",\"@id\":\"https:\\\/\\\/liquidcapitalcorp.com\\\/#\\\/schema\\\/logo\\\/image\\\/\",\"url\":\"https:\\\/\\\/liquidcapitalcorp.com\\\/wp-content\\\/uploads\\\/2016\\\/01\\\/logo-Liquid-capital.jpg\",\"contentUrl\":\"https:\\\/\\\/liquidcapitalcorp.com\\\/wp-content\\\/uploads\\\/2016\\\/01\\\/logo-Liquid-capital.jpg\",\"width\":202,\"height\":80,\"caption\":\"Liquid Capital\"},\"image\":{\"@id\":\"https:\\\/\\\/liquidcapitalcorp.com\\\/#\\\/schema\\\/logo\\\/image\\\/\"},\"sameAs\":[\"https:\\\/\\\/www.facebook.com\\\/liquid.capital\",\"https:\\\/\\\/x.com\\\/Liquid_Capital\",\"https:\\\/\\\/www.linkedin.com\\\/company-beta\\\/16600\\\/\"]}]}<\/script>\n<!-- \/ Yoast SEO plugin. -->","yoast_head_json":{"title":"Apply to Become a Liquid Capital Referral Partner - Liquid Capital","description":"PWhether you are a commercial finance professional, a BDO, or a bank - we can partner with you to\u00a0deliver working capital solutions including Invoice Factoring, Asset-Based Lending, and more.","robots":{"index":"index","follow":"follow","max-snippet":"max-snippet:-1","max-image-preview":"max-image-preview:large","max-video-preview":"max-video-preview:-1"},"canonical":"https:\/\/liquidcapitalcorp.com\/es\/referral-program-application\/","og_locale":"es_ES","og_type":"article","og_title":"Apply to Become a Liquid Capital Referral Partner - Liquid Capital","og_description":"PWhether you are a commercial finance professional, a BDO, or a bank - we can partner with you to\u00a0deliver working capital solutions including Invoice Factoring, Asset-Based Lending, and more.","og_url":"https:\/\/liquidcapitalcorp.com\/es\/referral-program-application\/","og_site_name":"Liquid Capital","article_publisher":"https:\/\/www.facebook.com\/liquid.capital","article_modified_time":"2019-02-12T21:22:19+00:00","twitter_card":"summary_large_image","twitter_site":"@Liquid_Capital","twitter_misc":{"Tiempo de lectura":"3 minutos"},"schema":{"@context":"https:\/\/schema.org","@graph":[{"@type":"WebPage","@id":"https:\/\/liquidcapitalcorp.com\/es\/referral-program-application\/","url":"https:\/\/liquidcapitalcorp.com\/es\/referral-program-application\/","name":"Apply to Become a Liquid Capital Referral Partner - Liquid Capital","isPartOf":{"@id":"https:\/\/liquidcapitalcorp.com\/#website"},"datePublished":"2018-10-22T19:11:59+00:00","dateModified":"2019-02-12T21:22:19+00:00","description":"PWhether you are a commercial finance professional, a BDO, or a bank - we can partner with you to\u00a0deliver working capital solutions including Invoice Factoring, Asset-Based Lending, and more.","breadcrumb":{"@id":"https:\/\/liquidcapitalcorp.com\/es\/referral-program-application\/#breadcrumb"},"inLanguage":"es","potentialAction":[{"@type":"ReadAction","target":["https:\/\/liquidcapitalcorp.com\/es\/referral-program-application\/"]}]},{"@type":"BreadcrumbList","@id":"https:\/\/liquidcapitalcorp.com\/es\/referral-program-application\/#breadcrumb","itemListElement":[{"@type":"ListItem","position":1,"name":"Home","item":"https:\/\/liquidcapitalcorp.com\/es\/"},{"@type":"ListItem","position":2,"name":"Apply to Become a Liquid Capital Referral Partner"}]},{"@type":"WebSite","@id":"https:\/\/liquidcapitalcorp.com\/#website","url":"https:\/\/liquidcapitalcorp.com\/","name":"Liquid Capital","description":"Become a Franchise Principal","publisher":{"@id":"https:\/\/liquidcapitalcorp.com\/#organization"},"potentialAction":[{"@type":"SearchAction","target":{"@type":"EntryPoint","urlTemplate":"https:\/\/liquidcapitalcorp.com\/?s={search_term_string}"},"query-input":{"@type":"PropertyValueSpecification","valueRequired":true,"valueName":"search_term_string"}}],"inLanguage":"es"},{"@type":"Organization","@id":"https:\/\/liquidcapitalcorp.com\/#organization","name":"Liquid Capital","url":"https:\/\/liquidcapitalcorp.com\/","logo":{"@type":"ImageObject","inLanguage":"es","@id":"https:\/\/liquidcapitalcorp.com\/#\/schema\/logo\/image\/","url":"https:\/\/liquidcapitalcorp.com\/wp-content\/uploads\/2016\/01\/logo-Liquid-capital.jpg","contentUrl":"https:\/\/liquidcapitalcorp.com\/wp-content\/uploads\/2016\/01\/logo-Liquid-capital.jpg","width":202,"height":80,"caption":"Liquid Capital"},"image":{"@id":"https:\/\/liquidcapitalcorp.com\/#\/schema\/logo\/image\/"},"sameAs":["https:\/\/www.facebook.com\/liquid.capital","https:\/\/x.com\/Liquid_Capital","https:\/\/www.linkedin.com\/company-beta\/16600\/"]}]}},"_links":{"self":[{"href":"https:\/\/liquidcapitalcorp.com\/es\/wp-json\/wp\/v2\/pages\/8859","targetHints":{"allow":["GET"]}}],"collection":[{"href":"https:\/\/liquidcapitalcorp.com\/es\/wp-json\/wp\/v2\/pages"}],"about":[{"href":"https:\/\/liquidcapitalcorp.com\/es\/wp-json\/wp\/v2\/types\/page"}],"author":[{"embeddable":true,"href":"https:\/\/liquidcapitalcorp.com\/es\/wp-json\/wp\/v2\/users\/8"}],"replies":[{"embeddable":true,"href":"https:\/\/liquidcapitalcorp.com\/es\/wp-json\/wp\/v2\/comments?post=8859"}],"version-history":[{"count":0,"href":"https:\/\/liquidcapitalcorp.com\/es\/wp-json\/wp\/v2\/pages\/8859\/revisions"}],"wp:attachment":[{"href":"https:\/\/liquidcapitalcorp.com\/es\/wp-json\/wp\/v2\/media?parent=8859"}],"curies":[{"name":"wp","href":"https:\/\/api.w.org\/{rel}","templated":true}]}}