
{"id":6451,"date":"2017-12-13T14:23:33","date_gmt":"2017-12-13T14:23:33","guid":{"rendered":"https:\/\/liquidcapitalcorp.com\/?page_id=6451"},"modified":"2019-07-08T16:36:21","modified_gmt":"2019-07-08T16:36:21","slug":"factoraje-internacional","status":"publish","type":"page","link":"https:\/\/liquidcapitalcorp.com\/es\/soluciones-de-financiamiento\/factoraje-internacional\/","title":{"rendered":"Factoraje Internacional"},"content":{"rendered":"\n<style type=\"text\/css\" data-created_by=\"avia_inline_auto\" id=\"style-css-av-av_section-3e8ea3970e4f3a2ca9ceea965d8ada5f\">\n.avia-section.av-av_section-3e8ea3970e4f3a2ca9ceea965d8ada5f{\nbackground-color:#f2f2f2;\nbackground-image:url(https:\/\/liquidcapitalcorp.com\/wp-content\/uploads\/2016\/07\/factoring-solutions-ar-factoring.jpg);\nbackground-repeat:no-repeat;\nbackground-position:50% 0%;\nbackground-attachment:scroll;\n}\n<\/style>\n<div id='sn-title'  class='avia-section av-av_section-3e8ea3970e4f3a2ca9ceea965d8ada5f main_color avia-section-no-padding avia-no-border-styling  avia-builder-el-0  el_before_av_two_third  avia-builder-el-first  avia-full-stretch avia-bg-style-scroll av-minimum-height av-minimum-height-custom av-height-custom  container_wrap sidebar_right'  data-section-bg-repeat='stretch' data-av_minimum_height_px='340'><div class='container av-section-cont-open' style='height:340px'><main  role=\"main\" itemprop=\"mainContentOfPage\"  class='template-page content  av-content-small alpha units'><div class='post-entry post-entry-type-page post-entry-6451'><div class='entry-content-wrapper clearfix'>\n\n<style type=\"text\/css\" data-created_by=\"avia_inline_auto\" id=\"style-css-av-av_one_full-9497bbf8bff73ea4c6992cc17fa9ec36\">\n.flex_column.av-av_one_full-9497bbf8bff73ea4c6992cc17fa9ec36{\nborder-radius:0px 0px 0px 0px;\npadding:0px 0px 0px 0px;\n}\n<\/style>\n<div  class='flex_column av-av_one_full-9497bbf8bff73ea4c6992cc17fa9ec36 av_one_full  avia-builder-el-1  avia-builder-el-no-sibling  first flex_column_div av-zero-column-padding  '     ><style type=\"text\/css\" data-created_by=\"avia_inline_auto\" id=\"style-css-av-av_textblock-2c4666f3ab4f7ce91aecfa132518884d\">\n#top .av_textblock_section.av-av_textblock-2c4666f3ab4f7ce91aecfa132518884d .avia_textblock{\nfont-size:40px;\n}\n<\/style>\n<section  class='av_textblock_section av-av_textblock-2c4666f3ab4f7ce91aecfa132518884d '   itemscope=\"itemscope\" itemtype=\"https:\/\/schema.org\/CreativeWork\" ><div class='avia_textblock'  itemprop=\"text\" ><h1 style=\"text-align: center;\"><strong>Factoraje Internacional<\/strong><\/h1>\n<h1 style=\"text-align: center;\"><\/h1>\n<\/div><\/section><\/div><\/div><\/div><\/main><!-- close content main element --><\/div><\/div><div id='after_section_1'  class='main_color av_default_container_wrap container_wrap sidebar_right'  ><div class='container av-section-cont-open' ><div class='template-page content  av-content-small alpha units'><div class='post-entry post-entry-type-page post-entry-6451'><div class='entry-content-wrapper clearfix'>\n<style type=\"text\/css\" data-created_by=\"avia_inline_auto\" id=\"style-css-av-av_two_third-9497bbf8bff73ea4c6992cc17fa9ec36\">\n.flex_column.av-av_two_third-9497bbf8bff73ea4c6992cc17fa9ec36{\nborder-radius:0px 0px 0px 0px;\npadding:0px 0px 0px 0px;\n}\n<\/style>\n<div  class='flex_column av-av_two_third-9497bbf8bff73ea4c6992cc17fa9ec36 av_two_third  avia-builder-el-3  el_after_av_section  el_before_av_one_third  avia-builder-el-first  first flex_column_div av-zero-column-padding  '     ><section  class='av_textblock_section av-av_textblock-0366cc7376be6c9e82a3e9cc8987b64f '   itemscope=\"itemscope\" itemtype=\"https:\/\/schema.org\/CreativeWork\" ><div class='avia_textblock'  itemprop=\"text\" ><p>El factoraje internacional es una forma de financiamiento que da a los empresarios la capacidad de ofrecer condiciones de cr\u00e9dito abiertas a compradores extranjeros. Estos compradores pueden ser compa\u00f1\u00edas a las cuales normalmente no podr\u00eda venderles o a las cuales no se sentir\u00eda c\u00f3modo vendiendo sin un dep\u00f3sito tradicional.<\/p>\n<p>El factoraje internacional de Liquid Capital elimina el estr\u00e9s en la negociaci\u00f3n y manejo de empresas internacionales. Dado que financiamos la factura por adelantado y asumimos el riesgo, los empresarios ahora pueden incrementar libremente sus ventas al extranjero al mismo tiempo que mejoran su balance general. El factoraje internacional le permite expandir dr\u00e1sticamente su red de proveedores potenciales hacia todos los rincones del mundo, lo cual aumenta el n\u00famero de oportunidades disponibles para usted y vuelve su negocio infinitamente m\u00e1s atractivo.<\/p>\n<p>Las cuentas por cobrar extranjeras normalmente son activos desatendidos. Generalmente, los bancos o prestamistas nacionales consideran inelegibles las cuentas por cobrar extranjeras y no se sienten c\u00f3modos proporcionando disponibilidad de capital ante estas cuentas por cobrar extranjeras. Nosotros prestamos ante cuentas por cobrar extranjeras dando m\u00e1s capital a nuestros clientes para hacer crecer sus empresas y pagar los gastos.<\/p>\n<p>Como propietarios y operadores de negocios, entendemos que vender a clientes internacionales es una gran oportunidad que puede representar un reto financiero y puede ser dif\u00edcil de manejar. A veces, se encontrar\u00e1 con clientes extranjeros que se tardan mucho en pagar, que ya no quieren pagar o que no pueden pagar un dep\u00f3sito por adelantado y entonces exigen condiciones abiertas.<\/p>\n<p>Adem\u00e1s de estos obst\u00e1culos, su banco lo puede obligar a comprar un seguro de cr\u00e9dito que tiene una prima inicial alta. \u00bfTal vez sus ventas en el extranjero se expanden, pero la posibilidad de una p\u00e9rdida total es demasiado abrumadora? Cualquiera que sea el caso, en Liquid Capital tenemos la experiencia y los recursos para ayudar a cualquier empresa con su financiamiento de importaciones\/exportaciones y sus necesidades de factoraje internacional.<\/p>\n<h2>La ventaja del factoraje internacional de Liquid Capital<\/h2>\n<ul>\n<li>Le permite incrementar su red de ventas en el mundo<\/li>\n<li>Le permite llevar a cabo sus negocios sin un dep\u00f3sito \u2013 porque el factoraje de Liquid Capital financia la factura por adelantado y asume el riesgo<\/li>\n<li>Liquid Capital le ayuda a hacer lo que los bancos y prestamistas nacionales no, porque otros prestamistas e instituciones no se sienten c\u00f3modos financiando ante cuentas por cobrar extranjeras<\/li>\n<li>A diferencia de los bancos y prestamistas m\u00e1s importantes de Norteam\u00e9rica, Liquid Capital no le pide que adquiera un seguro de cr\u00e9dito costoso<\/li>\n<\/ul>\n<h3>Si sus cuentas por cobrar son s\u00f3lidas, pero no llenan plenamente los distintos requisitos para permitirle obtener un pr\u00e9stamo bancario, el factoraje de cuentas por cobrar puede ser la soluci\u00f3n de financiamiento que usted necesita.<\/h3>\n<\/div><\/section><\/div>\n<style type=\"text\/css\" data-created_by=\"avia_inline_auto\" id=\"style-css-av-av_one_third-9c1d454dc06f7247226bc4e8f931daae\">\n.flex_column.av-av_one_third-9c1d454dc06f7247226bc4e8f931daae{\nborder-radius:0px 0px 0px 0px;\npadding:0px 0px 0px 0px;\n}\n<\/style>\n<div  class='flex_column av-av_one_third-9c1d454dc06f7247226bc4e8f931daae av_one_third  avia-builder-el-5  el_after_av_two_third  avia-builder-el-last  flex_column_div av-zero-column-padding  '     ><div  class='avia-builder-widget-area clearfix  avia-builder-el-6  avia-builder-el-no-sibling '><div id=\"text-3\" class=\"widget clearfix widget_text\">\t\t\t<div class=\"textwidget\"><div  class='avia-builder-widget-area clearfix '><section id=\"custom_html-6\" class=\"widget_text widget clearfix widget_custom_html\"><div class=\"textwidget custom-html-widget\">\n\t\t<div id=\"custom_html-5\" class=\"widget_text widget clearfix widget_custom_html\"><div class=\"textwidget custom-html-widget\">\t<p style=\"color:#f37121; font-size: 42px; line-height: 42px; font-weight: bold; margin-top: -10px;\">Always ready<br>to help.<\/p>\r\n<p style=\"font-size: 24px; line-height:24px;\"><strong>Liquid Capital is North America's leading alternative business funding provider.<\/strong><\/p>\r\n<p style=\"font-size: 24px; line-height:24px\"><strong>Get personalized strategic guidance, and up to $10 Million in fast funding.<\/strong><\/p>\r\n\t\t\t<div style=\"margin-top: 20px; margin-bottom: 30px;\">\r\n\t\t\t<a href=\"https:\/\/liquidcapitalcorp.com\/principal-finder\/\"><img loading=\"lazy\" decoding=\"async\" class=\"alignnone size-full wp-image-20758\" src=\"https:\/\/liquidcapitalcorp.com\/wp-content\/uploads\/2024\/02\/button1.jpg\" alt=\"\" width=\"173\" height=\"54\" \/><\/a>\r\n<\/div>\r\n\r\n<div syle=\"margin-top: 80px\">\r\n\t<p>Who's near me?<br> <a href=\"\/principal-finder\">Search for a local Liquid Capital Principal &#8594;<\/a><\/p>\r\n<\/div><\/div><\/div>\n\t<\/div><span class=\"seperator extralight-border\"><\/span><\/section><\/div><\/div>\n\t\t<\/div><\/div><\/div><\/p>\n","protected":false},"excerpt":{"rendered":"","protected":false},"author":2,"featured_media":0,"parent":524,"menu_order":0,"comment_status":"closed","ping_status":"closed","template":"","meta":{"footnotes":""},"class_list":["post-6451","page","type-page","status-publish","hentry"],"yoast_head":"<!-- This site is optimized with the Yoast SEO plugin v27.5 - https:\/\/yoast.com\/product\/yoast-seo-wordpress\/ -->\n<title>Factoraje Internacional - Liquid Capital<\/title>\n<meta name=\"description\" content=\"Liquid Capital ofrece servicios de factoring de cuentas por cobrar para ayudar a las empresas a cubrir sus gastos operativos mediante la compra de sus facturas B2B solventes.\" \/>\n<meta name=\"robots\" content=\"index, follow, max-snippet:-1, max-image-preview:large, max-video-preview:-1\" \/>\n<link rel=\"canonical\" href=\"https:\/\/liquidcapitalcorp.com\/es\/soluciones-de-financiamiento\/factoraje-internacional\/\" \/>\n<meta property=\"og:locale\" content=\"es_ES\" \/>\n<meta property=\"og:type\" content=\"article\" \/>\n<meta property=\"og:title\" content=\"Factoraje Internacional - Liquid Capital\" \/>\n<meta property=\"og:description\" content=\"Liquid Capital ofrece servicios de factoring de cuentas por cobrar para ayudar a las empresas a cubrir sus gastos operativos mediante la compra de sus facturas B2B solventes.\" \/>\n<meta property=\"og:url\" content=\"https:\/\/liquidcapitalcorp.com\/es\/soluciones-de-financiamiento\/factoraje-internacional\/\" \/>\n<meta property=\"og:site_name\" content=\"Liquid Capital\" \/>\n<meta property=\"article:publisher\" content=\"https:\/\/www.facebook.com\/liquid.capital\" \/>\n<meta property=\"article:modified_time\" content=\"2019-07-08T16:36:21+00:00\" \/>\n<meta name=\"twitter:card\" content=\"summary_large_image\" \/>\n<meta name=\"twitter:site\" content=\"@Liquid_Capital\" \/>\n<meta name=\"twitter:label1\" content=\"Tiempo de lectura\" \/>\n\t<meta name=\"twitter:data1\" content=\"4 minutos\" \/>\n<script type=\"application\/ld+json\" class=\"yoast-schema-graph\">{\"@context\":\"https:\\\/\\\/schema.org\",\"@graph\":[{\"@type\":\"WebPage\",\"@id\":\"https:\\\/\\\/liquidcapitalcorp.com\\\/es\\\/soluciones-de-financiamiento\\\/factoraje-internacional\\\/\",\"url\":\"https:\\\/\\\/liquidcapitalcorp.com\\\/es\\\/soluciones-de-financiamiento\\\/factoraje-internacional\\\/\",\"name\":\"Factoraje Internacional - Liquid Capital\",\"isPartOf\":{\"@id\":\"https:\\\/\\\/liquidcapitalcorp.com\\\/#website\"},\"datePublished\":\"2017-12-13T14:23:33+00:00\",\"dateModified\":\"2019-07-08T16:36:21+00:00\",\"description\":\"Liquid Capital ofrece servicios de factoring de cuentas por cobrar para ayudar a las empresas a cubrir sus gastos operativos mediante la compra de sus facturas B2B solventes.\",\"breadcrumb\":{\"@id\":\"https:\\\/\\\/liquidcapitalcorp.com\\\/es\\\/soluciones-de-financiamiento\\\/factoraje-internacional\\\/#breadcrumb\"},\"inLanguage\":\"es\",\"potentialAction\":[{\"@type\":\"ReadAction\",\"target\":[\"https:\\\/\\\/liquidcapitalcorp.com\\\/es\\\/soluciones-de-financiamiento\\\/factoraje-internacional\\\/\"]}]},{\"@type\":\"BreadcrumbList\",\"@id\":\"https:\\\/\\\/liquidcapitalcorp.com\\\/es\\\/soluciones-de-financiamiento\\\/factoraje-internacional\\\/#breadcrumb\",\"itemListElement\":[{\"@type\":\"ListItem\",\"position\":1,\"name\":\"Home\",\"item\":\"https:\\\/\\\/liquidcapitalcorp.com\\\/es\\\/\"},{\"@type\":\"ListItem\",\"position\":2,\"name\":\"Soluciones de financiamiento\",\"item\":\"https:\\\/\\\/liquidcapitalcorp.com\\\/es\\\/soluciones-de-financiamiento\\\/\"},{\"@type\":\"ListItem\",\"position\":3,\"name\":\"Factoraje Internacional\"}]},{\"@type\":\"WebSite\",\"@id\":\"https:\\\/\\\/liquidcapitalcorp.com\\\/#website\",\"url\":\"https:\\\/\\\/liquidcapitalcorp.com\\\/\",\"name\":\"Liquid Capital\",\"description\":\"Become a Franchise Principal\",\"publisher\":{\"@id\":\"https:\\\/\\\/liquidcapitalcorp.com\\\/#organization\"},\"potentialAction\":[{\"@type\":\"SearchAction\",\"target\":{\"@type\":\"EntryPoint\",\"urlTemplate\":\"https:\\\/\\\/liquidcapitalcorp.com\\\/?s={search_term_string}\"},\"query-input\":{\"@type\":\"PropertyValueSpecification\",\"valueRequired\":true,\"valueName\":\"search_term_string\"}}],\"inLanguage\":\"es\"},{\"@type\":\"Organization\",\"@id\":\"https:\\\/\\\/liquidcapitalcorp.com\\\/#organization\",\"name\":\"Liquid Capital\",\"url\":\"https:\\\/\\\/liquidcapitalcorp.com\\\/\",\"logo\":{\"@type\":\"ImageObject\",\"inLanguage\":\"es\",\"@id\":\"https:\\\/\\\/liquidcapitalcorp.com\\\/#\\\/schema\\\/logo\\\/image\\\/\",\"url\":\"https:\\\/\\\/liquidcapitalcorp.com\\\/wp-content\\\/uploads\\\/2016\\\/01\\\/logo-Liquid-capital.jpg\",\"contentUrl\":\"https:\\\/\\\/liquidcapitalcorp.com\\\/wp-content\\\/uploads\\\/2016\\\/01\\\/logo-Liquid-capital.jpg\",\"width\":202,\"height\":80,\"caption\":\"Liquid Capital\"},\"image\":{\"@id\":\"https:\\\/\\\/liquidcapitalcorp.com\\\/#\\\/schema\\\/logo\\\/image\\\/\"},\"sameAs\":[\"https:\\\/\\\/www.facebook.com\\\/liquid.capital\",\"https:\\\/\\\/x.com\\\/Liquid_Capital\",\"https:\\\/\\\/www.linkedin.com\\\/company-beta\\\/16600\\\/\"]}]}<\/script>\n<!-- \/ Yoast SEO plugin. -->","yoast_head_json":{"title":"Factoraje Internacional - Liquid Capital","description":"Liquid Capital ofrece servicios de factoring de cuentas por cobrar para ayudar a las empresas a cubrir sus gastos operativos mediante la compra de sus facturas B2B solventes.","robots":{"index":"index","follow":"follow","max-snippet":"max-snippet:-1","max-image-preview":"max-image-preview:large","max-video-preview":"max-video-preview:-1"},"canonical":"https:\/\/liquidcapitalcorp.com\/es\/soluciones-de-financiamiento\/factoraje-internacional\/","og_locale":"es_ES","og_type":"article","og_title":"Factoraje Internacional - Liquid Capital","og_description":"Liquid Capital ofrece servicios de factoring de cuentas por cobrar para ayudar a las empresas a cubrir sus gastos operativos mediante la compra de sus facturas B2B solventes.","og_url":"https:\/\/liquidcapitalcorp.com\/es\/soluciones-de-financiamiento\/factoraje-internacional\/","og_site_name":"Liquid Capital","article_publisher":"https:\/\/www.facebook.com\/liquid.capital","article_modified_time":"2019-07-08T16:36:21+00:00","twitter_card":"summary_large_image","twitter_site":"@Liquid_Capital","twitter_misc":{"Tiempo de lectura":"4 minutos"},"schema":{"@context":"https:\/\/schema.org","@graph":[{"@type":"WebPage","@id":"https:\/\/liquidcapitalcorp.com\/es\/soluciones-de-financiamiento\/factoraje-internacional\/","url":"https:\/\/liquidcapitalcorp.com\/es\/soluciones-de-financiamiento\/factoraje-internacional\/","name":"Factoraje Internacional - Liquid Capital","isPartOf":{"@id":"https:\/\/liquidcapitalcorp.com\/#website"},"datePublished":"2017-12-13T14:23:33+00:00","dateModified":"2019-07-08T16:36:21+00:00","description":"Liquid Capital ofrece servicios de factoring de cuentas por cobrar para ayudar a las empresas a cubrir sus gastos operativos mediante la compra de sus facturas B2B solventes.","breadcrumb":{"@id":"https:\/\/liquidcapitalcorp.com\/es\/soluciones-de-financiamiento\/factoraje-internacional\/#breadcrumb"},"inLanguage":"es","potentialAction":[{"@type":"ReadAction","target":["https:\/\/liquidcapitalcorp.com\/es\/soluciones-de-financiamiento\/factoraje-internacional\/"]}]},{"@type":"BreadcrumbList","@id":"https:\/\/liquidcapitalcorp.com\/es\/soluciones-de-financiamiento\/factoraje-internacional\/#breadcrumb","itemListElement":[{"@type":"ListItem","position":1,"name":"Home","item":"https:\/\/liquidcapitalcorp.com\/es\/"},{"@type":"ListItem","position":2,"name":"Soluciones de financiamiento","item":"https:\/\/liquidcapitalcorp.com\/es\/soluciones-de-financiamiento\/"},{"@type":"ListItem","position":3,"name":"Factoraje Internacional"}]},{"@type":"WebSite","@id":"https:\/\/liquidcapitalcorp.com\/#website","url":"https:\/\/liquidcapitalcorp.com\/","name":"Liquid Capital","description":"Become a Franchise Principal","publisher":{"@id":"https:\/\/liquidcapitalcorp.com\/#organization"},"potentialAction":[{"@type":"SearchAction","target":{"@type":"EntryPoint","urlTemplate":"https:\/\/liquidcapitalcorp.com\/?s={search_term_string}"},"query-input":{"@type":"PropertyValueSpecification","valueRequired":true,"valueName":"search_term_string"}}],"inLanguage":"es"},{"@type":"Organization","@id":"https:\/\/liquidcapitalcorp.com\/#organization","name":"Liquid Capital","url":"https:\/\/liquidcapitalcorp.com\/","logo":{"@type":"ImageObject","inLanguage":"es","@id":"https:\/\/liquidcapitalcorp.com\/#\/schema\/logo\/image\/","url":"https:\/\/liquidcapitalcorp.com\/wp-content\/uploads\/2016\/01\/logo-Liquid-capital.jpg","contentUrl":"https:\/\/liquidcapitalcorp.com\/wp-content\/uploads\/2016\/01\/logo-Liquid-capital.jpg","width":202,"height":80,"caption":"Liquid Capital"},"image":{"@id":"https:\/\/liquidcapitalcorp.com\/#\/schema\/logo\/image\/"},"sameAs":["https:\/\/www.facebook.com\/liquid.capital","https:\/\/x.com\/Liquid_Capital","https:\/\/www.linkedin.com\/company-beta\/16600\/"]}]}},"_links":{"self":[{"href":"https:\/\/liquidcapitalcorp.com\/es\/wp-json\/wp\/v2\/pages\/6451","targetHints":{"allow":["GET"]}}],"collection":[{"href":"https:\/\/liquidcapitalcorp.com\/es\/wp-json\/wp\/v2\/pages"}],"about":[{"href":"https:\/\/liquidcapitalcorp.com\/es\/wp-json\/wp\/v2\/types\/page"}],"author":[{"embeddable":true,"href":"https:\/\/liquidcapitalcorp.com\/es\/wp-json\/wp\/v2\/users\/2"}],"replies":[{"embeddable":true,"href":"https:\/\/liquidcapitalcorp.com\/es\/wp-json\/wp\/v2\/comments?post=6451"}],"version-history":[{"count":0,"href":"https:\/\/liquidcapitalcorp.com\/es\/wp-json\/wp\/v2\/pages\/6451\/revisions"}],"up":[{"embeddable":true,"href":"https:\/\/liquidcapitalcorp.com\/es\/wp-json\/wp\/v2\/pages\/524"}],"wp:attachment":[{"href":"https:\/\/liquidcapitalcorp.com\/es\/wp-json\/wp\/v2\/media?parent=6451"}],"curies":[{"name":"wp","href":"https:\/\/api.w.org\/{rel}","templated":true}]}}