
{"id":606,"date":"2016-07-14T12:00:55","date_gmt":"2016-07-14T12:00:55","guid":{"rendered":"http:\/\/liquidcapitalcorp.com\/es\/other-resources\/code-of-conduct\/"},"modified":"2019-07-08T15:21:24","modified_gmt":"2019-07-08T15:21:24","slug":"code-of-conduct","status":"publish","type":"page","link":"https:\/\/liquidcapitalcorp.com\/es\/other-resources\/code-of-conduct\/","title":{"rendered":"C\u00f3digo De Conducta"},"content":{"rendered":"\n<style type=\"text\/css\" data-created_by=\"avia_inline_auto\" id=\"style-css-av-av_section-1b0d9876e0a10c2e79bd5d953b3fe3dc\">\n.avia-section.av-av_section-1b0d9876e0a10c2e79bd5d953b3fe3dc{\nbackground-color:#f2f2f2;\nbackground-image:url(https:\/\/liquidcapitalcorp.com\/wp-content\/uploads\/2016\/07\/other-resources-code-of-conduct.jpg);\nbackground-repeat:no-repeat;\nbackground-position:50% 0%;\nbackground-attachment:scroll;\n}\n<\/style>\n<div id='sn-title'  class='avia-section av-av_section-1b0d9876e0a10c2e79bd5d953b3fe3dc main_color avia-section-no-padding avia-no-border-styling  avia-builder-el-0  el_before_av_two_third  avia-builder-el-first  avia-full-stretch avia-bg-style-scroll av-minimum-height av-minimum-height-custom av-height-custom  container_wrap sidebar_right'  data-section-bg-repeat='stretch' data-av_minimum_height_px='340'><div class='container av-section-cont-open' style='height:340px'><main  role=\"main\" itemprop=\"mainContentOfPage\"  class='template-page content  av-content-small alpha units'><div class='post-entry post-entry-type-page post-entry-606'><div class='entry-content-wrapper clearfix'>\n\n<style type=\"text\/css\" data-created_by=\"avia_inline_auto\" id=\"style-css-av-av_one_full-9497bbf8bff73ea4c6992cc17fa9ec36\">\n.flex_column.av-av_one_full-9497bbf8bff73ea4c6992cc17fa9ec36{\nborder-radius:0px 0px 0px 0px;\npadding:0px 0px 0px 0px;\n}\n<\/style>\n<div  class='flex_column av-av_one_full-9497bbf8bff73ea4c6992cc17fa9ec36 av_one_full  avia-builder-el-1  avia-builder-el-no-sibling  first flex_column_div av-zero-column-padding  '     ><style type=\"text\/css\" data-created_by=\"avia_inline_auto\" id=\"style-css-av-av_textblock-2c4666f3ab4f7ce91aecfa132518884d\">\n#top .av_textblock_section.av-av_textblock-2c4666f3ab4f7ce91aecfa132518884d .avia_textblock{\nfont-size:40px;\n}\n<\/style>\n<section  class='av_textblock_section av-av_textblock-2c4666f3ab4f7ce91aecfa132518884d '   itemscope=\"itemscope\" itemtype=\"https:\/\/schema.org\/CreativeWork\" ><div class='avia_textblock'  itemprop=\"text\" ><h1 style=\"text-align: center;\">C\u00f3digo De Conducta<\/h1>\n<h1 style=\"text-align: center;\"><\/h1>\n<\/div><\/section><\/div>\n<\/div><\/div><\/main><!-- close content main element --><\/div><\/div><div id='after_section_1'  class='main_color av_default_container_wrap container_wrap sidebar_right'  ><div class='container av-section-cont-open' ><div class='template-page content  av-content-small alpha units'><div class='post-entry post-entry-type-page post-entry-606'><div class='entry-content-wrapper clearfix'>\n\n<style type=\"text\/css\" data-created_by=\"avia_inline_auto\" id=\"style-css-av-av_two_third-9497bbf8bff73ea4c6992cc17fa9ec36\">\n.flex_column.av-av_two_third-9497bbf8bff73ea4c6992cc17fa9ec36{\nborder-radius:0px 0px 0px 0px;\npadding:0px 0px 0px 0px;\n}\n<\/style>\n<div  class='flex_column av-av_two_third-9497bbf8bff73ea4c6992cc17fa9ec36 av_two_third  avia-builder-el-3  el_after_av_section  el_before_av_one_third  avia-builder-el-first  first flex_column_div av-zero-column-padding  '     ><section  class='av_textblock_section av-av_textblock-0366cc7376be6c9e82a3e9cc8987b64f '   itemscope=\"itemscope\" itemtype=\"https:\/\/schema.org\/CreativeWork\" ><div class='avia_textblock'  itemprop=\"text\" ><p>Las Oficinas Centrales y el personal se asegurar\u00e1n de que las relaciones con Clientes, Posibles Clientes, Asociados, Fuentes de Referencia y otros se basen en la confidencialidad, la integridad, el profesionalismo, la sensibilidad, el respeto y en transacciones justas.<\/p>\n<p>Las Oficinas Centrales y el personal, en ninguna de sus transacciones con Clientes, Posibles Clientes, Asociados, Fuentes de Referencia u otros, har\u00e1n algo para socavar, da\u00f1ar, disminuir o difamar la reputaci\u00f3n, competencia o integridad de un Cliente, Posible Cliente, Asociado, Fuente de Referencia u otro.<\/p>\n<p>Es nuestra pol\u00edtica que toda persona tiene el derecho a contratar en condiciones iguales y a recibir un trato justo e igualitario sin discriminaci\u00f3n de edad, raza, religi\u00f3n, identidad de g\u00e9nero, preferencia sexual, estado civil, posici\u00f3n social, lugar de origen, origen \u00e9tnico, ciudadan\u00eda, credo o discapacidad f\u00edsica o mental. Liquid Capital no tolerar\u00e1 el acoso sexual en el lugar de trabajo.<\/p>\n<p>Las Oficinas Centrales y el personal se asegurar\u00e1n de acatar estas pol\u00edticas.<\/p>\n<\/div><\/section><\/div>\n\n<style type=\"text\/css\" data-created_by=\"avia_inline_auto\" id=\"style-css-av-av_one_third-9c1d454dc06f7247226bc4e8f931daae\">\n.flex_column.av-av_one_third-9c1d454dc06f7247226bc4e8f931daae{\nborder-radius:0px 0px 0px 0px;\npadding:0px 0px 0px 0px;\n}\n<\/style>\n<div  class='flex_column av-av_one_third-9c1d454dc06f7247226bc4e8f931daae av_one_third  avia-builder-el-5  el_after_av_two_third  avia-builder-el-last  flex_column_div av-zero-column-padding  '     ><div  class='avia-builder-widget-area clearfix  avia-builder-el-6  avia-builder-el-no-sibling '><div id=\"text-3\" class=\"widget clearfix widget_text\">\t\t\t<div class=\"textwidget\"><div  class='avia-builder-widget-area clearfix '><section id=\"custom_html-6\" class=\"widget_text widget clearfix widget_custom_html\"><div class=\"textwidget custom-html-widget\">\n\t\t<div id=\"custom_html-5\" class=\"widget_text widget clearfix widget_custom_html\"><div class=\"textwidget custom-html-widget\">\t<p style=\"color:#f37121; font-size: 42px; line-height: 42px; font-weight: bold; margin-top: -10px;\">Always ready<br>to help.<\/p>\r\n<p style=\"font-size: 24px; line-height:24px;\"><strong>Liquid Capital is North America's leading alternative business funding provider.<\/strong><\/p>\r\n<p style=\"font-size: 24px; line-height:24px\"><strong>Get personalized strategic guidance, and up to $10 Million in fast funding.<\/strong><\/p>\r\n\t\t\t<div style=\"margin-top: 20px; margin-bottom: 30px;\">\r\n\t\t\t<a href=\"https:\/\/liquidcapitalcorp.com\/principal-finder\/\"><img loading=\"lazy\" decoding=\"async\" class=\"alignnone size-full wp-image-20758\" src=\"https:\/\/liquidcapitalcorp.com\/wp-content\/uploads\/2024\/02\/button1.jpg\" alt=\"\" width=\"173\" height=\"54\" \/><\/a>\r\n<\/div>\r\n\r\n<div syle=\"margin-top: 80px\">\r\n\t<p>Who's near me?<br> <a href=\"\/principal-finder\">Search for a local Liquid Capital Principal &#8594;<\/a><\/p>\r\n<\/div><\/div><\/div>\n\t<\/div><span class=\"seperator extralight-border\"><\/span><\/section><\/div><\/div>\n\t\t<\/div><\/div><\/div>\n","protected":false},"excerpt":{"rendered":"","protected":false},"author":2,"featured_media":0,"parent":530,"menu_order":0,"comment_status":"closed","ping_status":"closed","template":"","meta":{"footnotes":""},"class_list":["post-606","page","type-page","status-publish","hentry"],"yoast_head":"<!-- This site is optimized with the Yoast SEO plugin v27.5 - https:\/\/yoast.com\/product\/yoast-seo-wordpress\/ -->\n<title>C\u00f3digo De Conducta - Liquid Capital<\/title>\n<meta name=\"description\" content=\"El c\u00f3digo de conducta de Liquid Capital para los directores y el personal al tratar con clientes, clientes potenciales, asociados, fuentes de referencia y otros.\" \/>\n<meta name=\"robots\" content=\"index, follow, max-snippet:-1, max-image-preview:large, max-video-preview:-1\" \/>\n<link rel=\"canonical\" href=\"https:\/\/liquidcapitalcorp.com\/es\/other-resources\/code-of-conduct\/\" \/>\n<meta property=\"og:locale\" content=\"es_ES\" \/>\n<meta property=\"og:type\" content=\"article\" \/>\n<meta property=\"og:title\" content=\"C\u00f3digo De Conducta - Liquid Capital\" \/>\n<meta property=\"og:description\" content=\"El c\u00f3digo de conducta de Liquid Capital para los directores y el personal al tratar con clientes, clientes potenciales, asociados, fuentes de referencia y otros.\" \/>\n<meta property=\"og:url\" content=\"https:\/\/liquidcapitalcorp.com\/es\/other-resources\/code-of-conduct\/\" \/>\n<meta property=\"og:site_name\" content=\"Liquid Capital\" \/>\n<meta property=\"article:publisher\" content=\"https:\/\/www.facebook.com\/liquid.capital\" \/>\n<meta property=\"article:modified_time\" content=\"2019-07-08T15:21:24+00:00\" \/>\n<meta name=\"twitter:card\" content=\"summary_large_image\" \/>\n<meta name=\"twitter:site\" content=\"@Liquid_Capital\" \/>\n<meta name=\"twitter:label1\" content=\"Tiempo de lectura\" \/>\n\t<meta name=\"twitter:data1\" content=\"2 minutos\" \/>\n<script type=\"application\/ld+json\" class=\"yoast-schema-graph\">{\"@context\":\"https:\\\/\\\/schema.org\",\"@graph\":[{\"@type\":\"WebPage\",\"@id\":\"https:\\\/\\\/liquidcapitalcorp.com\\\/es\\\/other-resources\\\/code-of-conduct\\\/\",\"url\":\"https:\\\/\\\/liquidcapitalcorp.com\\\/es\\\/other-resources\\\/code-of-conduct\\\/\",\"name\":\"C\u00f3digo De Conducta - Liquid Capital\",\"isPartOf\":{\"@id\":\"https:\\\/\\\/liquidcapitalcorp.com\\\/#website\"},\"datePublished\":\"2016-07-14T12:00:55+00:00\",\"dateModified\":\"2019-07-08T15:21:24+00:00\",\"description\":\"El c\u00f3digo de conducta de Liquid Capital para los directores y el personal al tratar con clientes, clientes potenciales, asociados, fuentes de referencia y otros.\",\"breadcrumb\":{\"@id\":\"https:\\\/\\\/liquidcapitalcorp.com\\\/es\\\/other-resources\\\/code-of-conduct\\\/#breadcrumb\"},\"inLanguage\":\"es\",\"potentialAction\":[{\"@type\":\"ReadAction\",\"target\":[\"https:\\\/\\\/liquidcapitalcorp.com\\\/es\\\/other-resources\\\/code-of-conduct\\\/\"]}]},{\"@type\":\"BreadcrumbList\",\"@id\":\"https:\\\/\\\/liquidcapitalcorp.com\\\/es\\\/other-resources\\\/code-of-conduct\\\/#breadcrumb\",\"itemListElement\":[{\"@type\":\"ListItem\",\"position\":1,\"name\":\"Home\",\"item\":\"https:\\\/\\\/liquidcapitalcorp.com\\\/es\\\/\"},{\"@type\":\"ListItem\",\"position\":2,\"name\":\"Recursos\",\"item\":\"https:\\\/\\\/liquidcapitalcorp.com\\\/es\\\/other-resources\\\/\"},{\"@type\":\"ListItem\",\"position\":3,\"name\":\"C\u00f3digo De Conducta\"}]},{\"@type\":\"WebSite\",\"@id\":\"https:\\\/\\\/liquidcapitalcorp.com\\\/#website\",\"url\":\"https:\\\/\\\/liquidcapitalcorp.com\\\/\",\"name\":\"Liquid Capital\",\"description\":\"Become a Franchise Principal\",\"publisher\":{\"@id\":\"https:\\\/\\\/liquidcapitalcorp.com\\\/#organization\"},\"potentialAction\":[{\"@type\":\"SearchAction\",\"target\":{\"@type\":\"EntryPoint\",\"urlTemplate\":\"https:\\\/\\\/liquidcapitalcorp.com\\\/?s={search_term_string}\"},\"query-input\":{\"@type\":\"PropertyValueSpecification\",\"valueRequired\":true,\"valueName\":\"search_term_string\"}}],\"inLanguage\":\"es\"},{\"@type\":\"Organization\",\"@id\":\"https:\\\/\\\/liquidcapitalcorp.com\\\/#organization\",\"name\":\"Liquid Capital\",\"url\":\"https:\\\/\\\/liquidcapitalcorp.com\\\/\",\"logo\":{\"@type\":\"ImageObject\",\"inLanguage\":\"es\",\"@id\":\"https:\\\/\\\/liquidcapitalcorp.com\\\/#\\\/schema\\\/logo\\\/image\\\/\",\"url\":\"https:\\\/\\\/liquidcapitalcorp.com\\\/wp-content\\\/uploads\\\/2016\\\/01\\\/logo-Liquid-capital.jpg\",\"contentUrl\":\"https:\\\/\\\/liquidcapitalcorp.com\\\/wp-content\\\/uploads\\\/2016\\\/01\\\/logo-Liquid-capital.jpg\",\"width\":202,\"height\":80,\"caption\":\"Liquid Capital\"},\"image\":{\"@id\":\"https:\\\/\\\/liquidcapitalcorp.com\\\/#\\\/schema\\\/logo\\\/image\\\/\"},\"sameAs\":[\"https:\\\/\\\/www.facebook.com\\\/liquid.capital\",\"https:\\\/\\\/x.com\\\/Liquid_Capital\",\"https:\\\/\\\/www.linkedin.com\\\/company-beta\\\/16600\\\/\"]}]}<\/script>\n<!-- \/ Yoast SEO plugin. -->","yoast_head_json":{"title":"C\u00f3digo De Conducta - Liquid Capital","description":"El c\u00f3digo de conducta de Liquid Capital para los directores y el personal al tratar con clientes, clientes potenciales, asociados, fuentes de referencia y otros.","robots":{"index":"index","follow":"follow","max-snippet":"max-snippet:-1","max-image-preview":"max-image-preview:large","max-video-preview":"max-video-preview:-1"},"canonical":"https:\/\/liquidcapitalcorp.com\/es\/other-resources\/code-of-conduct\/","og_locale":"es_ES","og_type":"article","og_title":"C\u00f3digo De Conducta - Liquid Capital","og_description":"El c\u00f3digo de conducta de Liquid Capital para los directores y el personal al tratar con clientes, clientes potenciales, asociados, fuentes de referencia y otros.","og_url":"https:\/\/liquidcapitalcorp.com\/es\/other-resources\/code-of-conduct\/","og_site_name":"Liquid Capital","article_publisher":"https:\/\/www.facebook.com\/liquid.capital","article_modified_time":"2019-07-08T15:21:24+00:00","twitter_card":"summary_large_image","twitter_site":"@Liquid_Capital","twitter_misc":{"Tiempo de lectura":"2 minutos"},"schema":{"@context":"https:\/\/schema.org","@graph":[{"@type":"WebPage","@id":"https:\/\/liquidcapitalcorp.com\/es\/other-resources\/code-of-conduct\/","url":"https:\/\/liquidcapitalcorp.com\/es\/other-resources\/code-of-conduct\/","name":"C\u00f3digo De Conducta - Liquid Capital","isPartOf":{"@id":"https:\/\/liquidcapitalcorp.com\/#website"},"datePublished":"2016-07-14T12:00:55+00:00","dateModified":"2019-07-08T15:21:24+00:00","description":"El c\u00f3digo de conducta de Liquid Capital para los directores y el personal al tratar con clientes, clientes potenciales, asociados, fuentes de referencia y otros.","breadcrumb":{"@id":"https:\/\/liquidcapitalcorp.com\/es\/other-resources\/code-of-conduct\/#breadcrumb"},"inLanguage":"es","potentialAction":[{"@type":"ReadAction","target":["https:\/\/liquidcapitalcorp.com\/es\/other-resources\/code-of-conduct\/"]}]},{"@type":"BreadcrumbList","@id":"https:\/\/liquidcapitalcorp.com\/es\/other-resources\/code-of-conduct\/#breadcrumb","itemListElement":[{"@type":"ListItem","position":1,"name":"Home","item":"https:\/\/liquidcapitalcorp.com\/es\/"},{"@type":"ListItem","position":2,"name":"Recursos","item":"https:\/\/liquidcapitalcorp.com\/es\/other-resources\/"},{"@type":"ListItem","position":3,"name":"C\u00f3digo De Conducta"}]},{"@type":"WebSite","@id":"https:\/\/liquidcapitalcorp.com\/#website","url":"https:\/\/liquidcapitalcorp.com\/","name":"Liquid Capital","description":"Become a Franchise Principal","publisher":{"@id":"https:\/\/liquidcapitalcorp.com\/#organization"},"potentialAction":[{"@type":"SearchAction","target":{"@type":"EntryPoint","urlTemplate":"https:\/\/liquidcapitalcorp.com\/?s={search_term_string}"},"query-input":{"@type":"PropertyValueSpecification","valueRequired":true,"valueName":"search_term_string"}}],"inLanguage":"es"},{"@type":"Organization","@id":"https:\/\/liquidcapitalcorp.com\/#organization","name":"Liquid Capital","url":"https:\/\/liquidcapitalcorp.com\/","logo":{"@type":"ImageObject","inLanguage":"es","@id":"https:\/\/liquidcapitalcorp.com\/#\/schema\/logo\/image\/","url":"https:\/\/liquidcapitalcorp.com\/wp-content\/uploads\/2016\/01\/logo-Liquid-capital.jpg","contentUrl":"https:\/\/liquidcapitalcorp.com\/wp-content\/uploads\/2016\/01\/logo-Liquid-capital.jpg","width":202,"height":80,"caption":"Liquid Capital"},"image":{"@id":"https:\/\/liquidcapitalcorp.com\/#\/schema\/logo\/image\/"},"sameAs":["https:\/\/www.facebook.com\/liquid.capital","https:\/\/x.com\/Liquid_Capital","https:\/\/www.linkedin.com\/company-beta\/16600\/"]}]}},"_links":{"self":[{"href":"https:\/\/liquidcapitalcorp.com\/es\/wp-json\/wp\/v2\/pages\/606","targetHints":{"allow":["GET"]}}],"collection":[{"href":"https:\/\/liquidcapitalcorp.com\/es\/wp-json\/wp\/v2\/pages"}],"about":[{"href":"https:\/\/liquidcapitalcorp.com\/es\/wp-json\/wp\/v2\/types\/page"}],"author":[{"embeddable":true,"href":"https:\/\/liquidcapitalcorp.com\/es\/wp-json\/wp\/v2\/users\/2"}],"replies":[{"embeddable":true,"href":"https:\/\/liquidcapitalcorp.com\/es\/wp-json\/wp\/v2\/comments?post=606"}],"version-history":[{"count":0,"href":"https:\/\/liquidcapitalcorp.com\/es\/wp-json\/wp\/v2\/pages\/606\/revisions"}],"up":[{"embeddable":true,"href":"https:\/\/liquidcapitalcorp.com\/es\/wp-json\/wp\/v2\/pages\/530"}],"wp:attachment":[{"href":"https:\/\/liquidcapitalcorp.com\/es\/wp-json\/wp\/v2\/media?parent=606"}],"curies":[{"name":"wp","href":"https:\/\/api.w.org\/{rel}","templated":true}]}}