
{"id":565,"date":"2016-07-14T11:53:12","date_gmt":"2016-07-14T11:53:12","guid":{"rendered":"http:\/\/liquidcapitalcorp.com\/es\/short-term-financing\/working-capital-advance\/"},"modified":"2019-07-08T16:40:30","modified_gmt":"2019-07-08T16:40:30","slug":"capital-circulante","status":"publish","type":"page","link":"https:\/\/liquidcapitalcorp.com\/es\/soluciones-de-financiamiento\/capital-circulante\/","title":{"rendered":"Capital Circulante"},"content":{"rendered":"\n<style type=\"text\/css\" data-created_by=\"avia_inline_auto\" id=\"style-css-av-av_section-bf5a0f8a87903239071cd32df332c71d\">\n.avia-section.av-av_section-bf5a0f8a87903239071cd32df332c71d{\nbackground-color:#f2f2f2;\nbackground-image:url(https:\/\/liquidcapitalcorp.com\/wp-content\/uploads\/2016\/07\/factoring-solutions-working-capital-advance.jpg);\nbackground-repeat:no-repeat;\nbackground-position:50% 0%;\nbackground-attachment:scroll;\n}\n<\/style>\n<div id='sn-title'  class='avia-section av-av_section-bf5a0f8a87903239071cd32df332c71d main_color avia-section-no-padding avia-no-border-styling  avia-builder-el-0  el_before_av_two_third  avia-builder-el-first  avia-full-stretch avia-bg-style-scroll av-minimum-height av-minimum-height-custom av-height-custom  container_wrap sidebar_right'  data-section-bg-repeat='stretch' data-av_minimum_height_px='340'><div class='container av-section-cont-open' style='height:340px'><main  role=\"main\" itemprop=\"mainContentOfPage\"  class='template-page content  av-content-small alpha units'><div class='post-entry post-entry-type-page post-entry-565'><div class='entry-content-wrapper clearfix'>\n\n<style type=\"text\/css\" data-created_by=\"avia_inline_auto\" id=\"style-css-av-av_one_full-9497bbf8bff73ea4c6992cc17fa9ec36\">\n.flex_column.av-av_one_full-9497bbf8bff73ea4c6992cc17fa9ec36{\nborder-radius:0px 0px 0px 0px;\npadding:0px 0px 0px 0px;\n}\n<\/style>\n<div  class='flex_column av-av_one_full-9497bbf8bff73ea4c6992cc17fa9ec36 av_one_full  avia-builder-el-1  avia-builder-el-no-sibling  first flex_column_div av-zero-column-padding  '     ><style type=\"text\/css\" data-created_by=\"avia_inline_auto\" id=\"style-css-av-av_textblock-2c4666f3ab4f7ce91aecfa132518884d\">\n#top .av_textblock_section.av-av_textblock-2c4666f3ab4f7ce91aecfa132518884d .avia_textblock{\nfont-size:40px;\n}\n<\/style>\n<section  class='av_textblock_section av-av_textblock-2c4666f3ab4f7ce91aecfa132518884d '   itemscope=\"itemscope\" itemtype=\"https:\/\/schema.org\/CreativeWork\" ><div class='avia_textblock'  itemprop=\"text\" ><h1 style=\"text-align: center;\">Capital Circulante<\/h1>\n<h1 style=\"text-align: center;\"><\/h1>\n<\/div><\/section><\/div>\n<\/div><\/div><\/main><!-- close content main element --><\/div><\/div><div id='after_section_1'  class='main_color av_default_container_wrap container_wrap sidebar_right'  ><div class='container av-section-cont-open' ><div class='template-page content  av-content-small alpha units'><div class='post-entry post-entry-type-page post-entry-565'><div class='entry-content-wrapper clearfix'>\n\n<style type=\"text\/css\" data-created_by=\"avia_inline_auto\" id=\"style-css-av-av_two_third-9497bbf8bff73ea4c6992cc17fa9ec36\">\n.flex_column.av-av_two_third-9497bbf8bff73ea4c6992cc17fa9ec36{\nborder-radius:0px 0px 0px 0px;\npadding:0px 0px 0px 0px;\n}\n<\/style>\n<div  class='flex_column av-av_two_third-9497bbf8bff73ea4c6992cc17fa9ec36 av_two_third  avia-builder-el-3  el_after_av_section  el_before_av_one_third  avia-builder-el-first  first flex_column_div av-zero-column-padding  '     ><section  class='av_textblock_section av-av_textblock-0366cc7376be6c9e82a3e9cc8987b64f '   itemscope=\"itemscope\" itemtype=\"https:\/\/schema.org\/CreativeWork\" ><div class='avia_textblock'  itemprop=\"text\" ><h2>Financiamiento basado en las ventas futuras<\/h2>\n<p>\u00bfNecesita un financiamiento a corto plazo con mayor flexibilidad que un pr\u00e9stamo tradicional o que el factoraje de cuentas por cobrar? Si el crecimiento de su empresa depende del r\u00e1pido acceso a un capital circulante \u2014 bien sea para contratar un nuevo empleado, pagar una cuenta de impuestos atrasada o para el mantenimiento de equipos obsoletos \u2014 el avance de capital circulante de Liquid\u00a0Capital podr\u00eda ser para usted.<\/p>\n<p>Disponible para compa\u00f1\u00edas con al menos seis meses de funcionamiento y con ventas brutas m\u00ednimas previsibles que sumen $10.000 mensuales, el avance de capital circulante es una opci\u00f3n de financiamiento que tiene en cuenta las ventas futuras, ofreciendo hasta el 125\u00a0% de su volumen promedio de ventas mensuales en un solo pago, sin ninguna restricci\u00f3n de uso del dinero.<\/p>\n<p><strong>El verdadero valor de sus futuras ventas<\/strong><\/p>\n<p>A diferencia de las instituciones financieras, nosotros atribuimos m\u00e1s importancia a los fundamentos de su negocio que a su puntaje crediticio o a la industria en la que se desempe\u00f1a. Si usted goza de una comprobada trayectoria de \u00e9xito comercial \u2013 sin nunca haberse declarado en bancarrota \u2013 y el promedio de sus ventas mensuales es de por lo menos $10.000, entonces cumple con los requisitos para recibir entre 80\u00a0% y 125\u00a0% de su ingreso mensual promedio alcanzado, dependiendo de donde se sit\u00fae en el espectro de cr\u00e9dito.<\/p>\n<p>Dicho financiamiento es relativamente f\u00e1cil de acceso y est\u00e1 abierto a las industrias del transporte, de la construcci\u00f3n, de los seguros, entre otras. Una vez aprobado, el avance ser\u00e1 depositado en su cuenta bancaria, por lo general, al cabo de unas pocas horas. Los reembolsos se hacen a diario o en abonos fijos semanales, generalmente en un plazo de 12\u00a0meses, y se hacen descuentos por pagos adelantados.<\/p>\n<h5>Si su empresa no puede disponer de un cr\u00e9dito bancario convencional, un avance de capital circulante podr\u00eda aportarle hasta un 125\u00a0% del valor promedio de sus ventas mensuales, sin importar su industria ni su puntaje crediticio.<\/h5>\n<p><strong>La ventaja de Liquid\u00a0Capital<\/strong><strong>\u00a0<\/strong><\/p>\n<p>\u2022 <strong>Una expansi\u00f3n comercial m\u00e1s r\u00e1pida.<\/strong> Gracias a las aprobaciones r\u00e1pidas y al m\u00ednimo de tr\u00e1mites, el avance de capital circulante de Liquid\u00a0Capital le permite acceder a un flujo continuo de ingresos adicionales.<\/p>\n<p>\u2022 <strong>Un proceso de evaluaci\u00f3n menos restrictivo.<\/strong> A diferencia de los pr\u00e9stamos tradicionales, nosotros aprobamos sus avances con celeridad, facilit\u00e1ndole as\u00ed el capital que necesita horas despu\u00e9s de aprobado.<\/p>\n<p>\u2022 <strong>Ninguna garant\u00eda necesaria.<\/strong> Ninguna garant\u00eda sobre bienes inmuebles, cuentas por cobrar ni activos personales ser\u00e1 necesaria para la transacci\u00f3n; simplemente necesitamos cuatro meses de extractos bancarios para verificar su ingreso.<\/p>\n<p>\u2022 <strong>Lo que ve es lo que obtiene.<\/strong> No hay ning\u00fan contrato a largo plazo ni cargos o t\u00e9rminos ocultos.<\/p>\n<p><strong>\u2022 Opciones de pago flexible.<\/strong> Los reembolsos pueden hacerse en sumas fijas o en porcentaje de ventas, de tal modo que los pagos disminuyen durante los per\u00edodos de ventas bajas.<\/p>\n<p>\u2022 <strong>Una extensa cobertura en Norte Am\u00e9rica.<\/strong> Con representantes de Liquid\u00a0Capital por todo el continente, usted siempre contar\u00e1 con la asistencia de un representante local que conozca su negocio y su mercado.<\/p>\n<h5>Si los fundamentos de su negocio son s\u00f3lidos y su ingreso bruto promedio mensual es de por lo menos $10.000, un avance de capital circulante podr\u00eda ser la soluci\u00f3n de financiamiento para usted.<\/h5>\n<\/div><\/section><\/div>\n<style type=\"text\/css\" data-created_by=\"avia_inline_auto\" id=\"style-css-av-av_one_third-9c1d454dc06f7247226bc4e8f931daae\">\n.flex_column.av-av_one_third-9c1d454dc06f7247226bc4e8f931daae{\nborder-radius:0px 0px 0px 0px;\npadding:0px 0px 0px 0px;\n}\n<\/style>\n<div  class='flex_column av-av_one_third-9c1d454dc06f7247226bc4e8f931daae av_one_third  avia-builder-el-5  el_after_av_two_third  avia-builder-el-last  flex_column_div av-zero-column-padding  '     ><div  class='avia-builder-widget-area clearfix  avia-builder-el-6  avia-builder-el-no-sibling '><div id=\"text-3\" class=\"widget clearfix widget_text\">\t\t\t<div class=\"textwidget\"><div  class='avia-builder-widget-area clearfix '><section id=\"custom_html-6\" class=\"widget_text widget clearfix widget_custom_html\"><div class=\"textwidget custom-html-widget\">\n\t\t<div id=\"custom_html-5\" class=\"widget_text widget clearfix widget_custom_html\"><div class=\"textwidget custom-html-widget\">\t<p style=\"color:#f37121; font-size: 42px; line-height: 42px; font-weight: bold; margin-top: -10px;\">Always ready<br>to help.<\/p>\r\n<p style=\"font-size: 24px; line-height:24px;\"><strong>Liquid Capital is North America's leading alternative business funding provider.<\/strong><\/p>\r\n<p style=\"font-size: 24px; line-height:24px\"><strong>Get personalized strategic guidance, and up to $10 Million in fast funding.<\/strong><\/p>\r\n\t\t\t<div style=\"margin-top: 20px; margin-bottom: 30px;\">\r\n\t\t\t<a href=\"https:\/\/liquidcapitalcorp.com\/principal-finder\/\"><img loading=\"lazy\" decoding=\"async\" class=\"alignnone size-full wp-image-20758\" src=\"https:\/\/liquidcapitalcorp.com\/wp-content\/uploads\/2024\/02\/button1.jpg\" alt=\"\" width=\"173\" height=\"54\" \/><\/a>\r\n<\/div>\r\n\r\n<div syle=\"margin-top: 80px\">\r\n\t<p>Who's near me?<br> <a href=\"\/principal-finder\">Search for a local Liquid Capital Principal &#8594;<\/a><\/p>\r\n<\/div><\/div><\/div>\n\t<\/div><span class=\"seperator extralight-border\"><\/span><\/section><\/div><\/div>\n\t\t<\/div><\/div><\/div><\/p>\n","protected":false},"excerpt":{"rendered":"","protected":false},"author":2,"featured_media":0,"parent":524,"menu_order":0,"comment_status":"closed","ping_status":"closed","template":"","meta":{"footnotes":""},"class_list":["post-565","page","type-page","status-publish","hentry"],"yoast_head":"<!-- This site is optimized with the Yoast SEO plugin v27.5 - https:\/\/yoast.com\/product\/yoast-seo-wordpress\/ -->\n<title>Capital Circulante - Liquid Capital<\/title>\n<meta name=\"description\" content=\"El avance del capital de trabajo podr\u00eda potencialmente proporcionarle hasta el 125% de sus ventas mensuales promedio, independientemente de su sector o puntaje de cr\u00e9dito.\" \/>\n<meta name=\"robots\" content=\"index, follow, max-snippet:-1, max-image-preview:large, max-video-preview:-1\" \/>\n<link rel=\"canonical\" href=\"https:\/\/liquidcapitalcorp.com\/es\/soluciones-de-financiamiento\/capital-circulante\/\" \/>\n<meta property=\"og:locale\" content=\"es_ES\" \/>\n<meta property=\"og:type\" content=\"article\" \/>\n<meta property=\"og:title\" content=\"Capital Circulante - Liquid Capital\" \/>\n<meta property=\"og:description\" content=\"El avance del capital de trabajo podr\u00eda potencialmente proporcionarle hasta el 125% de sus ventas mensuales promedio, independientemente de su sector o puntaje de cr\u00e9dito.\" \/>\n<meta property=\"og:url\" content=\"https:\/\/liquidcapitalcorp.com\/es\/soluciones-de-financiamiento\/capital-circulante\/\" \/>\n<meta property=\"og:site_name\" content=\"Liquid Capital\" \/>\n<meta property=\"article:publisher\" content=\"https:\/\/www.facebook.com\/liquid.capital\" \/>\n<meta property=\"article:modified_time\" content=\"2019-07-08T16:40:30+00:00\" \/>\n<meta name=\"twitter:card\" content=\"summary_large_image\" \/>\n<meta name=\"twitter:site\" content=\"@Liquid_Capital\" \/>\n<meta name=\"twitter:label1\" content=\"Tiempo de lectura\" \/>\n\t<meta name=\"twitter:data1\" content=\"4 minutos\" \/>\n<script type=\"application\/ld+json\" class=\"yoast-schema-graph\">{\"@context\":\"https:\\\/\\\/schema.org\",\"@graph\":[{\"@type\":\"WebPage\",\"@id\":\"https:\\\/\\\/liquidcapitalcorp.com\\\/es\\\/soluciones-de-financiamiento\\\/capital-circulante\\\/\",\"url\":\"https:\\\/\\\/liquidcapitalcorp.com\\\/es\\\/soluciones-de-financiamiento\\\/capital-circulante\\\/\",\"name\":\"Capital Circulante - Liquid Capital\",\"isPartOf\":{\"@id\":\"https:\\\/\\\/liquidcapitalcorp.com\\\/#website\"},\"datePublished\":\"2016-07-14T11:53:12+00:00\",\"dateModified\":\"2019-07-08T16:40:30+00:00\",\"description\":\"El avance del capital de trabajo podr\u00eda potencialmente proporcionarle hasta el 125% de sus ventas mensuales promedio, independientemente de su sector o puntaje de cr\u00e9dito.\",\"breadcrumb\":{\"@id\":\"https:\\\/\\\/liquidcapitalcorp.com\\\/es\\\/soluciones-de-financiamiento\\\/capital-circulante\\\/#breadcrumb\"},\"inLanguage\":\"es\",\"potentialAction\":[{\"@type\":\"ReadAction\",\"target\":[\"https:\\\/\\\/liquidcapitalcorp.com\\\/es\\\/soluciones-de-financiamiento\\\/capital-circulante\\\/\"]}]},{\"@type\":\"BreadcrumbList\",\"@id\":\"https:\\\/\\\/liquidcapitalcorp.com\\\/es\\\/soluciones-de-financiamiento\\\/capital-circulante\\\/#breadcrumb\",\"itemListElement\":[{\"@type\":\"ListItem\",\"position\":1,\"name\":\"Home\",\"item\":\"https:\\\/\\\/liquidcapitalcorp.com\\\/es\\\/\"},{\"@type\":\"ListItem\",\"position\":2,\"name\":\"Soluciones de financiamiento\",\"item\":\"https:\\\/\\\/liquidcapitalcorp.com\\\/es\\\/soluciones-de-financiamiento\\\/\"},{\"@type\":\"ListItem\",\"position\":3,\"name\":\"Capital Circulante\"}]},{\"@type\":\"WebSite\",\"@id\":\"https:\\\/\\\/liquidcapitalcorp.com\\\/#website\",\"url\":\"https:\\\/\\\/liquidcapitalcorp.com\\\/\",\"name\":\"Liquid Capital\",\"description\":\"Become a Franchise Principal\",\"publisher\":{\"@id\":\"https:\\\/\\\/liquidcapitalcorp.com\\\/#organization\"},\"potentialAction\":[{\"@type\":\"SearchAction\",\"target\":{\"@type\":\"EntryPoint\",\"urlTemplate\":\"https:\\\/\\\/liquidcapitalcorp.com\\\/?s={search_term_string}\"},\"query-input\":{\"@type\":\"PropertyValueSpecification\",\"valueRequired\":true,\"valueName\":\"search_term_string\"}}],\"inLanguage\":\"es\"},{\"@type\":\"Organization\",\"@id\":\"https:\\\/\\\/liquidcapitalcorp.com\\\/#organization\",\"name\":\"Liquid Capital\",\"url\":\"https:\\\/\\\/liquidcapitalcorp.com\\\/\",\"logo\":{\"@type\":\"ImageObject\",\"inLanguage\":\"es\",\"@id\":\"https:\\\/\\\/liquidcapitalcorp.com\\\/#\\\/schema\\\/logo\\\/image\\\/\",\"url\":\"https:\\\/\\\/liquidcapitalcorp.com\\\/wp-content\\\/uploads\\\/2016\\\/01\\\/logo-Liquid-capital.jpg\",\"contentUrl\":\"https:\\\/\\\/liquidcapitalcorp.com\\\/wp-content\\\/uploads\\\/2016\\\/01\\\/logo-Liquid-capital.jpg\",\"width\":202,\"height\":80,\"caption\":\"Liquid Capital\"},\"image\":{\"@id\":\"https:\\\/\\\/liquidcapitalcorp.com\\\/#\\\/schema\\\/logo\\\/image\\\/\"},\"sameAs\":[\"https:\\\/\\\/www.facebook.com\\\/liquid.capital\",\"https:\\\/\\\/x.com\\\/Liquid_Capital\",\"https:\\\/\\\/www.linkedin.com\\\/company-beta\\\/16600\\\/\"]}]}<\/script>\n<!-- \/ Yoast SEO plugin. -->","yoast_head_json":{"title":"Capital Circulante - Liquid Capital","description":"El avance del capital de trabajo podr\u00eda potencialmente proporcionarle hasta el 125% de sus ventas mensuales promedio, independientemente de su sector o puntaje de cr\u00e9dito.","robots":{"index":"index","follow":"follow","max-snippet":"max-snippet:-1","max-image-preview":"max-image-preview:large","max-video-preview":"max-video-preview:-1"},"canonical":"https:\/\/liquidcapitalcorp.com\/es\/soluciones-de-financiamiento\/capital-circulante\/","og_locale":"es_ES","og_type":"article","og_title":"Capital Circulante - Liquid Capital","og_description":"El avance del capital de trabajo podr\u00eda potencialmente proporcionarle hasta el 125% de sus ventas mensuales promedio, independientemente de su sector o puntaje de cr\u00e9dito.","og_url":"https:\/\/liquidcapitalcorp.com\/es\/soluciones-de-financiamiento\/capital-circulante\/","og_site_name":"Liquid Capital","article_publisher":"https:\/\/www.facebook.com\/liquid.capital","article_modified_time":"2019-07-08T16:40:30+00:00","twitter_card":"summary_large_image","twitter_site":"@Liquid_Capital","twitter_misc":{"Tiempo de lectura":"4 minutos"},"schema":{"@context":"https:\/\/schema.org","@graph":[{"@type":"WebPage","@id":"https:\/\/liquidcapitalcorp.com\/es\/soluciones-de-financiamiento\/capital-circulante\/","url":"https:\/\/liquidcapitalcorp.com\/es\/soluciones-de-financiamiento\/capital-circulante\/","name":"Capital Circulante - Liquid Capital","isPartOf":{"@id":"https:\/\/liquidcapitalcorp.com\/#website"},"datePublished":"2016-07-14T11:53:12+00:00","dateModified":"2019-07-08T16:40:30+00:00","description":"El avance del capital de trabajo podr\u00eda potencialmente proporcionarle hasta el 125% de sus ventas mensuales promedio, independientemente de su sector o puntaje de cr\u00e9dito.","breadcrumb":{"@id":"https:\/\/liquidcapitalcorp.com\/es\/soluciones-de-financiamiento\/capital-circulante\/#breadcrumb"},"inLanguage":"es","potentialAction":[{"@type":"ReadAction","target":["https:\/\/liquidcapitalcorp.com\/es\/soluciones-de-financiamiento\/capital-circulante\/"]}]},{"@type":"BreadcrumbList","@id":"https:\/\/liquidcapitalcorp.com\/es\/soluciones-de-financiamiento\/capital-circulante\/#breadcrumb","itemListElement":[{"@type":"ListItem","position":1,"name":"Home","item":"https:\/\/liquidcapitalcorp.com\/es\/"},{"@type":"ListItem","position":2,"name":"Soluciones de financiamiento","item":"https:\/\/liquidcapitalcorp.com\/es\/soluciones-de-financiamiento\/"},{"@type":"ListItem","position":3,"name":"Capital Circulante"}]},{"@type":"WebSite","@id":"https:\/\/liquidcapitalcorp.com\/#website","url":"https:\/\/liquidcapitalcorp.com\/","name":"Liquid Capital","description":"Become a Franchise Principal","publisher":{"@id":"https:\/\/liquidcapitalcorp.com\/#organization"},"potentialAction":[{"@type":"SearchAction","target":{"@type":"EntryPoint","urlTemplate":"https:\/\/liquidcapitalcorp.com\/?s={search_term_string}"},"query-input":{"@type":"PropertyValueSpecification","valueRequired":true,"valueName":"search_term_string"}}],"inLanguage":"es"},{"@type":"Organization","@id":"https:\/\/liquidcapitalcorp.com\/#organization","name":"Liquid Capital","url":"https:\/\/liquidcapitalcorp.com\/","logo":{"@type":"ImageObject","inLanguage":"es","@id":"https:\/\/liquidcapitalcorp.com\/#\/schema\/logo\/image\/","url":"https:\/\/liquidcapitalcorp.com\/wp-content\/uploads\/2016\/01\/logo-Liquid-capital.jpg","contentUrl":"https:\/\/liquidcapitalcorp.com\/wp-content\/uploads\/2016\/01\/logo-Liquid-capital.jpg","width":202,"height":80,"caption":"Liquid Capital"},"image":{"@id":"https:\/\/liquidcapitalcorp.com\/#\/schema\/logo\/image\/"},"sameAs":["https:\/\/www.facebook.com\/liquid.capital","https:\/\/x.com\/Liquid_Capital","https:\/\/www.linkedin.com\/company-beta\/16600\/"]}]}},"_links":{"self":[{"href":"https:\/\/liquidcapitalcorp.com\/es\/wp-json\/wp\/v2\/pages\/565","targetHints":{"allow":["GET"]}}],"collection":[{"href":"https:\/\/liquidcapitalcorp.com\/es\/wp-json\/wp\/v2\/pages"}],"about":[{"href":"https:\/\/liquidcapitalcorp.com\/es\/wp-json\/wp\/v2\/types\/page"}],"author":[{"embeddable":true,"href":"https:\/\/liquidcapitalcorp.com\/es\/wp-json\/wp\/v2\/users\/2"}],"replies":[{"embeddable":true,"href":"https:\/\/liquidcapitalcorp.com\/es\/wp-json\/wp\/v2\/comments?post=565"}],"version-history":[{"count":0,"href":"https:\/\/liquidcapitalcorp.com\/es\/wp-json\/wp\/v2\/pages\/565\/revisions"}],"up":[{"embeddable":true,"href":"https:\/\/liquidcapitalcorp.com\/es\/wp-json\/wp\/v2\/pages\/524"}],"wp:attachment":[{"href":"https:\/\/liquidcapitalcorp.com\/es\/wp-json\/wp\/v2\/media?parent=565"}],"curies":[{"name":"wp","href":"https:\/\/api.w.org\/{rel}","templated":true}]}}