
{"id":2791,"date":"2016-12-02T20:00:24","date_gmt":"2016-12-02T20:00:24","guid":{"rendered":"http:\/\/liquidcapitalcorp.com\/principal-finder\/"},"modified":"2019-07-08T15:48:39","modified_gmt":"2019-07-08T15:48:39","slug":"principal-finder","status":"publish","type":"page","link":"https:\/\/liquidcapitalcorp.com\/es\/principal-finder\/","title":{"rendered":"Buscador de responsables"},"content":{"rendered":"\n<style type=\"text\/css\" data-created_by=\"avia_inline_auto\" id=\"style-css-av-av_section-ddc52ef5e3fc8074db057d820318f3a8\">\n.avia-section.av-av_section-ddc52ef5e3fc8074db057d820318f3a8{\nbackground-color:#f2f2f2;\nbackground-image:url(https:\/\/liquidcapitalcorp.com\/wp-content\/uploads\/2016\/07\/about-us-main.jpg);\nbackground-repeat:no-repeat;\nbackground-position:50% 0%;\nbackground-attachment:scroll;\n}\n<\/style>\n<div id='sn-title'  class='avia-section av-av_section-ddc52ef5e3fc8074db057d820318f3a8 main_color avia-section-no-padding avia-no-border-styling  avia-builder-el-0  el_before_av_textblock  avia-builder-el-first  avia-full-stretch avia-bg-style-scroll av-minimum-height av-minimum-height-custom av-height-custom  container_wrap sidebar_right'  data-section-bg-repeat='stretch' data-av_minimum_height_px='340'><div class='container av-section-cont-open' style='height:340px'><main  role=\"main\" itemprop=\"mainContentOfPage\"  class='template-page content  av-content-small alpha units'><div class='post-entry post-entry-type-page post-entry-2791'><div class='entry-content-wrapper clearfix'>\n\n<style type=\"text\/css\" data-created_by=\"avia_inline_auto\" id=\"style-css-av-av_one_full-9497bbf8bff73ea4c6992cc17fa9ec36\">\n.flex_column.av-av_one_full-9497bbf8bff73ea4c6992cc17fa9ec36{\nborder-radius:0px 0px 0px 0px;\npadding:0px 0px 0px 0px;\n}\n<\/style>\n<div  class='flex_column av-av_one_full-9497bbf8bff73ea4c6992cc17fa9ec36 av_one_full  avia-builder-el-1  avia-builder-el-no-sibling  first flex_column_div av-zero-column-padding  '     ><style type=\"text\/css\" data-created_by=\"avia_inline_auto\" id=\"style-css-av-av_textblock-2c4666f3ab4f7ce91aecfa132518884d\">\n#top .av_textblock_section.av-av_textblock-2c4666f3ab4f7ce91aecfa132518884d .avia_textblock{\nfont-size:40px;\n}\n<\/style>\n<section  class='av_textblock_section av-av_textblock-2c4666f3ab4f7ce91aecfa132518884d '   itemscope=\"itemscope\" itemtype=\"https:\/\/schema.org\/CreativeWork\" ><div class='avia_textblock'  itemprop=\"text\" ><h1 style=\"text-align: center;\">Buscador de responsables<\/h1>\n<h1 style=\"text-align: center;\"><\/h1>\n<\/div><\/section><\/div>\n<\/div><\/div><\/main><!-- close content main element --><\/div><\/div><div id='after_section_1'  class='main_color av_default_container_wrap container_wrap sidebar_right'  ><div class='container av-section-cont-open' ><div class='template-page content  av-content-small alpha units'><div class='post-entry post-entry-type-page post-entry-2791'><div class='entry-content-wrapper clearfix'>\n<section  class='av_textblock_section av-av_textblock-0366cc7376be6c9e82a3e9cc8987b64f '   itemscope=\"itemscope\" itemtype=\"https:\/\/schema.org\/CreativeWork\" ><div class='avia_textblock'  itemprop=\"text\" ><p>Liquid Capital tiene la m\u00e1s amplia cobertura geogr\u00e1fica de opciones de profesionales del financiamiento en Norte Am\u00e9rica, ofreciendo a los clientes un enfoque personalizado y flexible con decisores locales.<\/p>\n<p>Para encontrar su responsable local, por favor seleccione el pa\u00eds e ingrese luego su c\u00f3digo postal\/ZIP o el estado\/provincia.<\/p>\n<\/div><\/section>\n\n<style type=\"text\/css\" data-created_by=\"avia_inline_auto\" id=\"style-css-av-av_one_full-6126cab7d8fab8d08143dd2dacdf673c\">\n.flex_column.av-av_one_full-6126cab7d8fab8d08143dd2dacdf673c{\nborder-radius:0px 0px 0px 0px;\npadding:0px 0px 0px 0px;\n}\n<\/style>\n<div  class='flex_column av-av_one_full-6126cab7d8fab8d08143dd2dacdf673c av_one_full  avia-builder-el-4  el_after_av_textblock  avia-builder-el-last  first flex_column_div av-zero-column-padding  column-top-margin'     ><div  class='avia-builder-widget-area clearfix  avia-builder-el-5  avia-builder-el-no-sibling '><div id=\"wp_views_filter-2\" class=\"widget clearfix widget_wp_views_filter\"><form autocomplete=\"off\" action=\"https:\/\/liquidcapitalcorp.com\/es\/resultspage\/\" method=\"get\" class=\"wpv-filter-form js-wpv-filter-form js-wpv-filter-form-14227 js-wpv-form-only\" data-viewnumber=\"14227\" data-targetid=\"4539\" data-viewid=\"14227\" data-viewhash=\"eyJpZCI6IjE0MjI3IiwidGFyZ2V0X2lkIjoiMzQ4In0=\" data-viewwidgetid=\"14227\" data-orderby=\"\" data-order=\"\" data-orderbyas=\"\" data-orderbysecond=\"\" data-ordersecond=\"\" data-parametric=\"{&quot;query&quot;:&quot;normal&quot;,&quot;id&quot;:&quot;14227&quot;,&quot;view_id&quot;:&quot;14227&quot;,&quot;widget_id&quot;:&quot;14227&quot;,&quot;view_hash&quot;:&quot;14227&quot;,&quot;action&quot;:&quot;https:\/\/liquidcapitalcorp.com\/es\/resultspage\/&quot;,&quot;sort&quot;:{&quot;orderby&quot;:&quot;&quot;,&quot;order&quot;:&quot;&quot;,&quot;orderby_as&quot;:&quot;&quot;,&quot;orderby_second&quot;:&quot;&quot;,&quot;order_second&quot;:&quot;&quot;},&quot;orderby&quot;:&quot;&quot;,&quot;order&quot;:&quot;&quot;,&quot;orderby_as&quot;:&quot;&quot;,&quot;orderby_second&quot;:&quot;&quot;,&quot;order_second&quot;:&quot;&quot;,&quot;ajax_form&quot;:&quot;&quot;,&quot;ajax_results&quot;:&quot;&quot;,&quot;effect&quot;:&quot;fade&quot;,&quot;prebefore&quot;:&quot;&quot;,&quot;before&quot;:&quot;&quot;,&quot;after&quot;:&quot;&quot;,&quot;attributes&quot;:{&quot;id&quot;:&quot;14227&quot;},&quot;environment&quot;:{&quot;current_post_id&quot;:0,&quot;parent_post_id&quot;:0,&quot;parent_term_id&quot;:0,&quot;parent_user_id&quot;:0,&quot;archive&quot;:{&quot;type&quot;:&quot;&quot;,&quot;name&quot;:&quot;&quot;,&quot;data&quot;:[]}},&quot;loop&quot;:{&quot;type&quot;:&quot;&quot;,&quot;name&quot;:&quot;&quot;,&quot;data&quot;:[],&quot;id&quot;:0}}\" data-attributes=\"{&quot;id&quot;:&quot;14227&quot;}\" data-environment=\"{&quot;current_post_id&quot;:0,&quot;parent_post_id&quot;:0,&quot;parent_term_id&quot;:0,&quot;parent_user_id&quot;:0,&quot;archive&quot;:{&quot;type&quot;:&quot;&quot;,&quot;name&quot;:&quot;&quot;,&quot;data&quot;:[]}}\"><input type=\"hidden\" class=\"js-wpv-dps-filter-data js-wpv-filter-data-for-this-form\" data-action=\"https:\/\/liquidcapitalcorp.com\/es\/resultspage\/\" data-page=\"1\" data-ajax=\"disable\" data-effect=\"fade\" data-ajaxprebefore=\"\" data-ajaxbefore=\"\" data-ajaxafter=\"\" \/><input class=\"wpv_view_count wpv_view_count-14227\" type=\"hidden\" name=\"wpv_view_count\" value=\"14227\" \/>\n\n<div id=\"country-code-box\">\nTu pa\u00eds \r\n<select  id=\"wpv_control_select_countries\" name=\"countries[]\" style=\"\" class=\"js-wpv-filter-trigger  wpcf-form-select form-select select\">\r\n<option value=\"\" selected=\"selected\" class=\"js-wpv-filter-trigger wpcf-form-option form-option option\"><\/option>\r\n<option value=\"CA\" class=\"js-wpv-filter-trigger wpcf-form-option form-option option\">Canada<\/option>\r\n<option value=\"US\" class=\"js-wpv-filter-trigger wpcf-form-option form-option option\">United States<\/option>\r\n<\/select>\r\n\n<\/div>\n<div id=\"postal-code-box\">\nC\u00f3digo postal: \n<input type=\"text\" id=\"wpv_control_textfield_territories\" name=\"territories\" value=\"\" class=\"js-wpv-filter-trigger-delayed wpcf-form-textfield form-textfield textfield\" style=\"\" \/> \n<\/div>\n<div id=\"postal-code-error-message\">\nNot a valid US or Canadian postal\/zip code. \n<\/div>\n<div id=\"homepage-search-button\">\n  <button type=\"submit\" class=\"homepage-map-search-button wpv-submit-trigger js-wpv-submit-trigger\">Search<\/button> \n<\/div>\n  \n<div>\n<\/div>\n<\/form><\/div><\/div><\/div>\n","protected":false},"excerpt":{"rendered":"","protected":false},"author":8,"featured_media":0,"parent":0,"menu_order":0,"comment_status":"closed","ping_status":"closed","template":"","meta":{"footnotes":""},"class_list":["post-2791","page","type-page","status-publish","hentry"],"yoast_head":"<!-- This site is optimized with the Yoast SEO plugin v27.5 - https:\/\/yoast.com\/product\/yoast-seo-wordpress\/ -->\n<title>Liquid Capital Principal Finder - Soluciones de b\u00fasqueda de negocios personalizadas<\/title>\n<meta name=\"description\" content=\"Encuentra tu director local en EE. UU. Y Canad\u00e1. Con la mayor presencia geogr\u00e1fica de profesionales de financiamiento alternativo, Liquid Capital ofrece a los clientes un enfoque personalizado y flexible con los tomadores de decisiones locales.\" \/>\n<meta name=\"robots\" content=\"index, follow, max-snippet:-1, max-image-preview:large, max-video-preview:-1\" \/>\n<link rel=\"canonical\" href=\"https:\/\/liquidcapitalcorp.com\/es\/principal-finder\/\" \/>\n<meta property=\"og:locale\" content=\"es_ES\" \/>\n<meta property=\"og:type\" content=\"article\" \/>\n<meta property=\"og:title\" content=\"Liquid Capital Principal Finder - Soluciones de b\u00fasqueda de negocios personalizadas\" \/>\n<meta property=\"og:description\" content=\"Encuentra tu director local en EE. UU. Y Canad\u00e1. Con la mayor presencia geogr\u00e1fica de profesionales de financiamiento alternativo, Liquid Capital ofrece a los clientes un enfoque personalizado y flexible con los tomadores de decisiones locales.\" \/>\n<meta property=\"og:url\" content=\"https:\/\/liquidcapitalcorp.com\/es\/principal-finder\/\" \/>\n<meta property=\"og:site_name\" content=\"Liquid Capital\" \/>\n<meta property=\"article:publisher\" content=\"https:\/\/www.facebook.com\/liquid.capital\" \/>\n<meta property=\"article:modified_time\" content=\"2019-07-08T15:48:39+00:00\" \/>\n<meta name=\"twitter:card\" content=\"summary_large_image\" \/>\n<meta name=\"twitter:site\" content=\"@Liquid_Capital\" \/>\n<meta name=\"twitter:label1\" content=\"Tiempo de lectura\" \/>\n\t<meta name=\"twitter:data1\" content=\"1 minuto\" \/>\n<script type=\"application\/ld+json\" class=\"yoast-schema-graph\">{\"@context\":\"https:\\\/\\\/schema.org\",\"@graph\":[{\"@type\":\"WebPage\",\"@id\":\"https:\\\/\\\/liquidcapitalcorp.com\\\/es\\\/principal-finder\\\/\",\"url\":\"https:\\\/\\\/liquidcapitalcorp.com\\\/es\\\/principal-finder\\\/\",\"name\":\"Liquid Capital Principal Finder - Soluciones de b\u00fasqueda de negocios personalizadas\",\"isPartOf\":{\"@id\":\"https:\\\/\\\/liquidcapitalcorp.com\\\/#website\"},\"datePublished\":\"2016-12-02T20:00:24+00:00\",\"dateModified\":\"2019-07-08T15:48:39+00:00\",\"description\":\"Encuentra tu director local en EE. UU. Y Canad\u00e1. Con la mayor presencia geogr\u00e1fica de profesionales de financiamiento alternativo, Liquid Capital ofrece a los clientes un enfoque personalizado y flexible con los tomadores de decisiones locales.\",\"breadcrumb\":{\"@id\":\"https:\\\/\\\/liquidcapitalcorp.com\\\/es\\\/principal-finder\\\/#breadcrumb\"},\"inLanguage\":\"es\",\"potentialAction\":[{\"@type\":\"ReadAction\",\"target\":[\"https:\\\/\\\/liquidcapitalcorp.com\\\/es\\\/principal-finder\\\/\"]}]},{\"@type\":\"BreadcrumbList\",\"@id\":\"https:\\\/\\\/liquidcapitalcorp.com\\\/es\\\/principal-finder\\\/#breadcrumb\",\"itemListElement\":[{\"@type\":\"ListItem\",\"position\":1,\"name\":\"Home\",\"item\":\"https:\\\/\\\/liquidcapitalcorp.com\\\/es\\\/\"},{\"@type\":\"ListItem\",\"position\":2,\"name\":\"Buscador de responsables\"}]},{\"@type\":\"WebSite\",\"@id\":\"https:\\\/\\\/liquidcapitalcorp.com\\\/#website\",\"url\":\"https:\\\/\\\/liquidcapitalcorp.com\\\/\",\"name\":\"Liquid Capital\",\"description\":\"Become a Franchise Principal\",\"publisher\":{\"@id\":\"https:\\\/\\\/liquidcapitalcorp.com\\\/#organization\"},\"potentialAction\":[{\"@type\":\"SearchAction\",\"target\":{\"@type\":\"EntryPoint\",\"urlTemplate\":\"https:\\\/\\\/liquidcapitalcorp.com\\\/?s={search_term_string}\"},\"query-input\":{\"@type\":\"PropertyValueSpecification\",\"valueRequired\":true,\"valueName\":\"search_term_string\"}}],\"inLanguage\":\"es\"},{\"@type\":\"Organization\",\"@id\":\"https:\\\/\\\/liquidcapitalcorp.com\\\/#organization\",\"name\":\"Liquid Capital\",\"url\":\"https:\\\/\\\/liquidcapitalcorp.com\\\/\",\"logo\":{\"@type\":\"ImageObject\",\"inLanguage\":\"es\",\"@id\":\"https:\\\/\\\/liquidcapitalcorp.com\\\/#\\\/schema\\\/logo\\\/image\\\/\",\"url\":\"https:\\\/\\\/liquidcapitalcorp.com\\\/wp-content\\\/uploads\\\/2016\\\/01\\\/logo-Liquid-capital.jpg\",\"contentUrl\":\"https:\\\/\\\/liquidcapitalcorp.com\\\/wp-content\\\/uploads\\\/2016\\\/01\\\/logo-Liquid-capital.jpg\",\"width\":202,\"height\":80,\"caption\":\"Liquid Capital\"},\"image\":{\"@id\":\"https:\\\/\\\/liquidcapitalcorp.com\\\/#\\\/schema\\\/logo\\\/image\\\/\"},\"sameAs\":[\"https:\\\/\\\/www.facebook.com\\\/liquid.capital\",\"https:\\\/\\\/x.com\\\/Liquid_Capital\",\"https:\\\/\\\/www.linkedin.com\\\/company-beta\\\/16600\\\/\"]}]}<\/script>\n<!-- \/ Yoast SEO plugin. -->","yoast_head_json":{"title":"Liquid Capital Principal Finder - Soluciones de b\u00fasqueda de negocios personalizadas","description":"Encuentra tu director local en EE. UU. Y Canad\u00e1. Con la mayor presencia geogr\u00e1fica de profesionales de financiamiento alternativo, Liquid Capital ofrece a los clientes un enfoque personalizado y flexible con los tomadores de decisiones locales.","robots":{"index":"index","follow":"follow","max-snippet":"max-snippet:-1","max-image-preview":"max-image-preview:large","max-video-preview":"max-video-preview:-1"},"canonical":"https:\/\/liquidcapitalcorp.com\/es\/principal-finder\/","og_locale":"es_ES","og_type":"article","og_title":"Liquid Capital Principal Finder - Soluciones de b\u00fasqueda de negocios personalizadas","og_description":"Encuentra tu director local en EE. UU. Y Canad\u00e1. Con la mayor presencia geogr\u00e1fica de profesionales de financiamiento alternativo, Liquid Capital ofrece a los clientes un enfoque personalizado y flexible con los tomadores de decisiones locales.","og_url":"https:\/\/liquidcapitalcorp.com\/es\/principal-finder\/","og_site_name":"Liquid Capital","article_publisher":"https:\/\/www.facebook.com\/liquid.capital","article_modified_time":"2019-07-08T15:48:39+00:00","twitter_card":"summary_large_image","twitter_site":"@Liquid_Capital","twitter_misc":{"Tiempo de lectura":"1 minuto"},"schema":{"@context":"https:\/\/schema.org","@graph":[{"@type":"WebPage","@id":"https:\/\/liquidcapitalcorp.com\/es\/principal-finder\/","url":"https:\/\/liquidcapitalcorp.com\/es\/principal-finder\/","name":"Liquid Capital Principal Finder - Soluciones de b\u00fasqueda de negocios personalizadas","isPartOf":{"@id":"https:\/\/liquidcapitalcorp.com\/#website"},"datePublished":"2016-12-02T20:00:24+00:00","dateModified":"2019-07-08T15:48:39+00:00","description":"Encuentra tu director local en EE. UU. Y Canad\u00e1. Con la mayor presencia geogr\u00e1fica de profesionales de financiamiento alternativo, Liquid Capital ofrece a los clientes un enfoque personalizado y flexible con los tomadores de decisiones locales.","breadcrumb":{"@id":"https:\/\/liquidcapitalcorp.com\/es\/principal-finder\/#breadcrumb"},"inLanguage":"es","potentialAction":[{"@type":"ReadAction","target":["https:\/\/liquidcapitalcorp.com\/es\/principal-finder\/"]}]},{"@type":"BreadcrumbList","@id":"https:\/\/liquidcapitalcorp.com\/es\/principal-finder\/#breadcrumb","itemListElement":[{"@type":"ListItem","position":1,"name":"Home","item":"https:\/\/liquidcapitalcorp.com\/es\/"},{"@type":"ListItem","position":2,"name":"Buscador de responsables"}]},{"@type":"WebSite","@id":"https:\/\/liquidcapitalcorp.com\/#website","url":"https:\/\/liquidcapitalcorp.com\/","name":"Liquid Capital","description":"Become a Franchise Principal","publisher":{"@id":"https:\/\/liquidcapitalcorp.com\/#organization"},"potentialAction":[{"@type":"SearchAction","target":{"@type":"EntryPoint","urlTemplate":"https:\/\/liquidcapitalcorp.com\/?s={search_term_string}"},"query-input":{"@type":"PropertyValueSpecification","valueRequired":true,"valueName":"search_term_string"}}],"inLanguage":"es"},{"@type":"Organization","@id":"https:\/\/liquidcapitalcorp.com\/#organization","name":"Liquid Capital","url":"https:\/\/liquidcapitalcorp.com\/","logo":{"@type":"ImageObject","inLanguage":"es","@id":"https:\/\/liquidcapitalcorp.com\/#\/schema\/logo\/image\/","url":"https:\/\/liquidcapitalcorp.com\/wp-content\/uploads\/2016\/01\/logo-Liquid-capital.jpg","contentUrl":"https:\/\/liquidcapitalcorp.com\/wp-content\/uploads\/2016\/01\/logo-Liquid-capital.jpg","width":202,"height":80,"caption":"Liquid Capital"},"image":{"@id":"https:\/\/liquidcapitalcorp.com\/#\/schema\/logo\/image\/"},"sameAs":["https:\/\/www.facebook.com\/liquid.capital","https:\/\/x.com\/Liquid_Capital","https:\/\/www.linkedin.com\/company-beta\/16600\/"]}]}},"_links":{"self":[{"href":"https:\/\/liquidcapitalcorp.com\/es\/wp-json\/wp\/v2\/pages\/2791","targetHints":{"allow":["GET"]}}],"collection":[{"href":"https:\/\/liquidcapitalcorp.com\/es\/wp-json\/wp\/v2\/pages"}],"about":[{"href":"https:\/\/liquidcapitalcorp.com\/es\/wp-json\/wp\/v2\/types\/page"}],"author":[{"embeddable":true,"href":"https:\/\/liquidcapitalcorp.com\/es\/wp-json\/wp\/v2\/users\/8"}],"replies":[{"embeddable":true,"href":"https:\/\/liquidcapitalcorp.com\/es\/wp-json\/wp\/v2\/comments?post=2791"}],"version-history":[{"count":0,"href":"https:\/\/liquidcapitalcorp.com\/es\/wp-json\/wp\/v2\/pages\/2791\/revisions"}],"wp:attachment":[{"href":"https:\/\/liquidcapitalcorp.com\/es\/wp-json\/wp\/v2\/media?parent=2791"}],"curies":[{"name":"wp","href":"https:\/\/api.w.org\/{rel}","templated":true}]}}